{"id":1074,"date":"2024-05-03T13:09:48","date_gmt":"2024-05-03T16:09:48","guid":{"rendered":"https:\/\/inimutaba.mg.gov.br\/licitacoes\/?post_type=product&#038;p=1074"},"modified":"2024-07-24T09:52:54","modified_gmt":"2024-07-24T12:52:54","slug":"rp-013-2024","status":"publish","type":"product","link":"https:\/\/inimutaba.mg.gov.br\/licitacoes\/processo\/rp-013-2024\/","title":{"rendered":"PPRP &#8211; 013\/2024"},"content":{"rendered":"<p><strong>N\u00famero da licita\u00e7\u00e3o: 013\/2024<\/strong><\/p>\n<p><strong>N\u00famero do processo administrativo:<\/strong> 013<\/p>\n<p><strong>Modalidade da licita\u00e7\u00e3o:<\/strong> PREG\u00c3O PRESENCIAL- REGISTRO DE PRE\u00c7OS<\/p>\n<p><strong>Fundamenta\u00e7\u00e3o legal:<\/strong>\u00a0Nova Lei de Licita\u00e7\u00f5es Lei 14.133\/2021<\/p>\n<p><strong>Objeto:<\/strong> A presente licita\u00e7\u00e3o tem por objeto o Registro de Pre\u00e7os para futura e eventual contrata\u00e7\u00e3o de empresa especializada na presta\u00e7\u00e3o de servi\u00e7os cont\u00ednuos de manuten\u00e7\u00e3o preventiva e corretiva nos ve\u00edculos, m\u00e1quinas e tratores da frota da Prefeitura Municipal, com fornecimento de pe\u00e7as e acess\u00f3rios genu\u00ednos ou originais de f\u00e1brica, conforme Anexo I.<\/p>\n<p><strong>Unidade solicitante:<\/strong>\u00a0PREFEITURA MUNICIPAL DE INIMUTABA\/MG<\/p>\n<p><strong>Data de publica\u00e7\u00e3o:<\/strong> 03\/05\/2024<\/p>\n<p><strong>Data de abertura:<\/strong> 20\/05\/2024<\/p>\n<p><strong>Hor\u00e1rio de abertura:<\/strong>\u00a013:00 HORAS<\/p>\n<p><strong>Local da Sess\u00e3o Publica:<\/strong>\u00a0Sala da Comiss\u00e3o de Licita\u00e7\u00f5es e Contratos no Predio da Prefeitura Municipal, com sede na Pra\u00e7a Cel. Francisco Mascarenhas, n\u00ba 76, centro, Inimutaba\/MG.<\/p>\n<p><strong>Status:<\/strong> Finalizado<\/p>\n","protected":false},"excerpt":{"rendered":"<p class=\"unidade\">Unidade: Prefeitura Municipal de Inimutaba &#8211; MG<\/p>\n<p class=\"dt_habilitacao\">Data de abertura: 20\/05\/2024<\/p>\n<p class=\"dt_habilitacao\">Hor\u00e1rio de abertura: 13:00H<\/p>\n<p>A presente licita\u00e7\u00e3o tem por objeto o Registro de Pre\u00e7os para futura e eventual contrata\u00e7\u00e3o de empresa especializada na presta\u00e7\u00e3o de servi\u00e7os cont\u00ednuos de manuten\u00e7\u00e3o preventiva e corretiva nos ve\u00edculos, m\u00e1quinas e tratores da frota da Prefeitura Municipal, com fornecimento de pe\u00e7as e acess\u00f3rios genu\u00ednos ou originais de f\u00e1brica, conforme Anexo I.<\/p>\n<p><strong>Status: <\/strong>Finalizado<\/p>\n","protected":false},"featured_media":0,"comment_status":"closed","ping_status":"closed","template":"","meta":[],"product_brand":[],"product_cat":[34],"product_tag":[],"class_list":{"0":"post-1074","1":"product","2":"type-product","3":"status-publish","5":"product_cat-registro-de-preco","6":"wcpa_has_options","8":"first","9":"instock","10":"shipping-taxable","11":"product-type-simple"},"_links":{"self":[{"href":"https:\/\/inimutaba.mg.gov.br\/licitacoes\/wp-json\/wp\/v2\/product\/1074","targetHints":{"allow":["GET"]}}],"collection":[{"href":"https:\/\/inimutaba.mg.gov.br\/licitacoes\/wp-json\/wp\/v2\/product"}],"about":[{"href":"https:\/\/inimutaba.mg.gov.br\/licitacoes\/wp-json\/wp\/v2\/types\/product"}],"replies":[{"embeddable":true,"href":"https:\/\/inimutaba.mg.gov.br\/licitacoes\/wp-json\/wp\/v2\/comments?post=1074"}],"version-history":[{"count":4,"href":"https:\/\/inimutaba.mg.gov.br\/licitacoes\/wp-json\/wp\/v2\/product\/1074\/revisions"}],"predecessor-version":[{"id":1219,"href":"https:\/\/inimutaba.mg.gov.br\/licitacoes\/wp-json\/wp\/v2\/product\/1074\/revisions\/1219"}],"wp:attachment":[{"href":"https:\/\/inimutaba.mg.gov.br\/licitacoes\/wp-json\/wp\/v2\/media?parent=1074"}],"wp:term":[{"taxonomy":"product_brand","embeddable":true,"href":"https:\/\/inimutaba.mg.gov.br\/licitacoes\/wp-json\/wp\/v2\/product_brand?post=1074"},{"taxonomy":"product_cat","embeddable":true,"href":"https:\/\/inimutaba.mg.gov.br\/licitacoes\/wp-json\/wp\/v2\/product_cat?post=1074"},{"taxonomy":"product_tag","embeddable":true,"href":"https:\/\/inimutaba.mg.gov.br\/licitacoes\/wp-json\/wp\/v2\/product_tag?post=1074"}],"curies":[{"name":"wp","href":"https:\/\/api.w.org\/{rel}","templated":true}]}}