{"id":1085,"date":"2024-05-07T11:13:34","date_gmt":"2024-05-07T14:13:34","guid":{"rendered":"https:\/\/inimutaba.mg.gov.br\/licitacoes\/?post_type=product&#038;p=1085"},"modified":"2024-05-23T19:39:00","modified_gmt":"2024-05-23T22:39:00","slug":"pprp-008-2024","status":"publish","type":"product","link":"https:\/\/inimutaba.mg.gov.br\/licitacoes\/processo\/pprp-008-2024\/","title":{"rendered":"PPRP &#8211; 008\/2024"},"content":{"rendered":"<p><strong>N\u00famero da licita\u00e7\u00e3o: 008\/2024<\/strong><\/p>\n<p><strong>N\u00famero do processo administrativo:<\/strong> 008<\/p>\n<p><strong>Modalidade da licita\u00e7\u00e3o:<\/strong> PREG\u00c3O PRESENCIAL- REGISTRO DE PRE\u00c7OS<\/p>\n<p><strong>Fundamenta\u00e7\u00e3o legal:<\/strong>\u00a0Nova Lei de Licita\u00e7\u00f5es Lei 14.133\/2021<\/p>\n<p><strong>Objeto:<\/strong> A presente licita\u00e7\u00e3o tem como objeto a aquisi\u00e7\u00e3o de cestas b\u00e1sicas para distribui\u00e7\u00e3o \u00e0s fam\u00edlias carentes do Munic\u00edpio, conforme especificados no Anexo I \u2013 Termo de Refer\u00eancia\/Especifica\u00e7\u00f5es do objeto, parte integrante do presente Edital.<\/p>\n<p><strong>Unidade solicitante:<\/strong>\u00a0PREFEITURA MUNICIPAL DE INIMUTABA\/MG<\/p>\n<p><strong>Data de publica\u00e7\u00e3o:<\/strong> 07\/05\/2024<\/p>\n<p><strong>Data de abertura:<\/strong> 23\/05\/2024<\/p>\n<p><strong>Hor\u00e1rio de abertura:<\/strong>\u00a013:00 HORAS<\/p>\n<p><strong>Local da Sess\u00e3o Publica:<\/strong>\u00a0Sala da Comiss\u00e3o de Licita\u00e7\u00f5es e Contratos no Predio da Prefeitura Municipal, com sede na Pra\u00e7a Cel. Francisco Mascarenhas, n\u00ba 76, centro, Inimutaba\/MG.<\/p>\n<p><strong>Status:<\/strong> Em andamento<\/p>\n","protected":false},"excerpt":{"rendered":"<p class=\"unidade\">Unidade: Prefeitura Municipal de Inimutaba &#8211; MG<\/p>\n<p class=\"dt_habilitacao\">Data de abertura: 23\/05\/2024<\/p>\n<p class=\"dt_habilitacao\">Hor\u00e1rio de abertura: 13:00H<\/p>\n<p>A presente licita\u00e7\u00e3o tem como objeto a aquisi\u00e7\u00e3o de cestas b\u00e1sicas para distribui\u00e7\u00e3o \u00e0s fam\u00edlias carentes do Munic\u00edpio, conforme especificados no Anexo I \u2013 Termo de Refer\u00eancia\/Especifica\u00e7\u00f5es do objeto, parte integrante do presente Edital.<\/p>\n<p><strong>Status: <\/strong>Em andamento<\/p>\n","protected":false},"featured_media":0,"comment_status":"closed","ping_status":"closed","template":"","meta":[],"product_brand":[],"product_cat":[34],"product_tag":[],"class_list":{"0":"post-1085","1":"product","2":"type-product","3":"status-publish","5":"product_cat-registro-de-preco","6":"wcpa_has_options","8":"first","9":"instock","10":"shipping-taxable","11":"product-type-simple"},"_links":{"self":[{"href":"https:\/\/inimutaba.mg.gov.br\/licitacoes\/wp-json\/wp\/v2\/product\/1085","targetHints":{"allow":["GET"]}}],"collection":[{"href":"https:\/\/inimutaba.mg.gov.br\/licitacoes\/wp-json\/wp\/v2\/product"}],"about":[{"href":"https:\/\/inimutaba.mg.gov.br\/licitacoes\/wp-json\/wp\/v2\/types\/product"}],"replies":[{"embeddable":true,"href":"https:\/\/inimutaba.mg.gov.br\/licitacoes\/wp-json\/wp\/v2\/comments?post=1085"}],"version-history":[{"count":4,"href":"https:\/\/inimutaba.mg.gov.br\/licitacoes\/wp-json\/wp\/v2\/product\/1085\/revisions"}],"predecessor-version":[{"id":1090,"href":"https:\/\/inimutaba.mg.gov.br\/licitacoes\/wp-json\/wp\/v2\/product\/1085\/revisions\/1090"}],"wp:attachment":[{"href":"https:\/\/inimutaba.mg.gov.br\/licitacoes\/wp-json\/wp\/v2\/media?parent=1085"}],"wp:term":[{"taxonomy":"product_brand","embeddable":true,"href":"https:\/\/inimutaba.mg.gov.br\/licitacoes\/wp-json\/wp\/v2\/product_brand?post=1085"},{"taxonomy":"product_cat","embeddable":true,"href":"https:\/\/inimutaba.mg.gov.br\/licitacoes\/wp-json\/wp\/v2\/product_cat?post=1085"},{"taxonomy":"product_tag","embeddable":true,"href":"https:\/\/inimutaba.mg.gov.br\/licitacoes\/wp-json\/wp\/v2\/product_tag?post=1085"}],"curies":[{"name":"wp","href":"https:\/\/api.w.org\/{rel}","templated":true}]}}