{"id":1111,"date":"2024-06-03T13:33:05","date_gmt":"2024-06-03T16:33:05","guid":{"rendered":"https:\/\/inimutaba.mg.gov.br\/licitacoes\/?post_type=product&#038;p=1111"},"modified":"2024-06-03T14:37:52","modified_gmt":"2024-06-03T17:37:52","slug":"pe-019-2024","status":"publish","type":"product","link":"https:\/\/inimutaba.mg.gov.br\/licitacoes\/processo\/pe-019-2024\/","title":{"rendered":"PE &#8211; 019\/2024"},"content":{"rendered":"<p><strong>N\u00famero da licita\u00e7\u00e3o: 019\/2024<\/strong><\/p>\n<p><strong>N\u00famero do processo administrativo:<\/strong> 019<\/p>\n<p><strong>Modalidade da licita\u00e7\u00e3o:<\/strong> PREG\u00c3O ELETR\u00d4NICO<\/p>\n<p><strong>Fundamenta\u00e7\u00e3o legal:<\/strong>\u00a0Nova Lei de Licita\u00e7\u00f5es Lei 14.133\/2021<\/p>\n<p><strong>Objeto:<\/strong> Aquisi\u00e7\u00e3o de ve\u00edculos novos em atendimento ao Conv\u00eanio de Sa\u00edda n\u00ba 149101225\/2023\/SEGOV\/PADEM; Resolu\u00e7\u00e3o n\u00ba 6985\/2019 (8385\/2022) SES\/MG e a Proposta de Aquisi\u00e7\u00e3o n\u00ba 14.156.100000\/1210-02 do Minist\u00e9rio da Sa\u00fade, conforme condi\u00e7\u00f5es e especifica\u00e7\u00f5es constantes neste edital e seus anexos.<\/p>\n<p><strong>Unidade solicitante:<\/strong>\u00a0PREFEITURA MUNICIPAL DE INIMUTABA\/MG<\/p>\n<p><strong>Data de publica\u00e7\u00e3o:<\/strong> 03\/06\/2024<\/p>\n<p><strong>Data de abertura:<\/strong> 10\/06\/2024<\/p>\n<p><strong>Hor\u00e1rio de abertura:<\/strong>\u00a013:00 HORAS<\/p>\n<p><strong>Local da Sess\u00e3o Publica:<\/strong> www.licitardigital.com.br<\/p>\n<p><strong>Status:<\/strong> Em andamento<\/p>\n","protected":false},"excerpt":{"rendered":"<p class=\"unidade\">Unidade: Prefeitura Municipal de Inimutaba &#8211; MG<\/p>\n<p class=\"dt_habilitacao\">Data de abertura: 10\/06\/2024<\/p>\n<p class=\"dt_habilitacao\">Hor\u00e1rio de abertura: 13:00H<\/p>\n<p>Aquisi\u00e7\u00e3o de ve\u00edculos novos em atendimento ao Conv\u00eanio de Sa\u00edda n\u00ba 149101225\/2023\/SEGOV\/PADEM; Resolu\u00e7\u00e3o n\u00ba 6985\/2019 (8385\/2022) SES\/MG e a Proposta de Aquisi\u00e7\u00e3o n\u00ba 14.156.100000\/1210-02 do Minist\u00e9rio da Sa\u00fade, conforme condi\u00e7\u00f5es e especifica\u00e7\u00f5es constantes neste edital e seus anexos.<\/p>\n<p><strong>Status: <\/strong>Em andamento<\/p>\n","protected":false},"featured_media":0,"comment_status":"closed","ping_status":"closed","template":"","meta":[],"product_brand":[],"product_cat":[33],"product_tag":[],"class_list":{"0":"post-1111","1":"product","2":"type-product","3":"status-publish","5":"product_cat-pregao-eletronico","6":"wcpa_has_options","8":"first","9":"instock","10":"shipping-taxable","11":"product-type-simple"},"_links":{"self":[{"href":"https:\/\/inimutaba.mg.gov.br\/licitacoes\/wp-json\/wp\/v2\/product\/1111","targetHints":{"allow":["GET"]}}],"collection":[{"href":"https:\/\/inimutaba.mg.gov.br\/licitacoes\/wp-json\/wp\/v2\/product"}],"about":[{"href":"https:\/\/inimutaba.mg.gov.br\/licitacoes\/wp-json\/wp\/v2\/types\/product"}],"replies":[{"embeddable":true,"href":"https:\/\/inimutaba.mg.gov.br\/licitacoes\/wp-json\/wp\/v2\/comments?post=1111"}],"version-history":[{"count":1,"href":"https:\/\/inimutaba.mg.gov.br\/licitacoes\/wp-json\/wp\/v2\/product\/1111\/revisions"}],"predecessor-version":[{"id":1113,"href":"https:\/\/inimutaba.mg.gov.br\/licitacoes\/wp-json\/wp\/v2\/product\/1111\/revisions\/1113"}],"wp:attachment":[{"href":"https:\/\/inimutaba.mg.gov.br\/licitacoes\/wp-json\/wp\/v2\/media?parent=1111"}],"wp:term":[{"taxonomy":"product_brand","embeddable":true,"href":"https:\/\/inimutaba.mg.gov.br\/licitacoes\/wp-json\/wp\/v2\/product_brand?post=1111"},{"taxonomy":"product_cat","embeddable":true,"href":"https:\/\/inimutaba.mg.gov.br\/licitacoes\/wp-json\/wp\/v2\/product_cat?post=1111"},{"taxonomy":"product_tag","embeddable":true,"href":"https:\/\/inimutaba.mg.gov.br\/licitacoes\/wp-json\/wp\/v2\/product_tag?post=1111"}],"curies":[{"name":"wp","href":"https:\/\/api.w.org\/{rel}","templated":true}]}}