{"id":1143,"date":"2024-06-06T16:57:21","date_gmt":"2024-06-06T19:57:21","guid":{"rendered":"https:\/\/inimutaba.mg.gov.br\/licitacoes\/?post_type=product&#038;p=1143"},"modified":"2024-06-20T16:07:48","modified_gmt":"2024-06-20T19:07:48","slug":"pp-020-2024","status":"publish","type":"product","link":"https:\/\/inimutaba.mg.gov.br\/licitacoes\/processo\/pp-020-2024\/","title":{"rendered":"PP &#8211; 020\/2024"},"content":{"rendered":"<p><strong>N\u00famero da licita\u00e7\u00e3o: 020\/2024<\/strong><\/p>\n<p><strong>N\u00famero do processo administrativo:<\/strong> 020<\/p>\n<p><strong>Modalidade da licita\u00e7\u00e3o:<\/strong> PREG\u00c3O PRESENCIAL<\/p>\n<p><strong>Fundamenta\u00e7\u00e3o legal:<\/strong>\u00a0Nova Lei de Licita\u00e7\u00f5es Lei 14.133\/2021<\/p>\n<p><strong>Objeto:<\/strong> A presente licita\u00e7\u00e3o tem como objeto o registro de pre\u00e7os para futura e eventual contrata\u00e7\u00e3o de empresa para realiza\u00e7\u00e3o de exames laboratoriais de an\u00e1lises cl\u00ednicas para os usu\u00e1rios da Secretararia Municipal de Sa\u00fade, conforme especificados no Anexo I \u2013 Termo de Refer\u00eancia\/Especifica\u00e7\u00f5es do objeto, parte integrante do presente Edital.<\/p>\n<p><strong>Unidade solicitante:<\/strong>\u00a0PREFEITURA MUNICIPAL DE INIMUTABA\/MG<\/p>\n<p><strong>Data de publica\u00e7\u00e3o:<\/strong> 06\/06\/2024<\/p>\n<p><strong>Data de abertura:<\/strong> 20\/06\/2024<\/p>\n<p><strong>Hor\u00e1rio de abertura:<\/strong> 12:30 HORAS<\/p>\n<p><strong>Local da Sess\u00e3o Publica:<\/strong>\u00a0Sala da Comiss\u00e3o de Licita\u00e7\u00f5es e Contratos no Predio da Prefeitura Municipal, com sede na Pra\u00e7a Cel. Francisco Mascarenhas, n\u00ba 76, centro, Inimutaba\/MG.<\/p>\n<p><strong>Status:<\/strong> Em andamento<\/p>\n","protected":false},"excerpt":{"rendered":"<p class=\"unidade\">Unidade: Prefeitura Municipal de Inimutaba &#8211; MG<\/p>\n<p class=\"dt_habilitacao\">Data de abertura: 20\/06\/2024<\/p>\n<p class=\"dt_habilitacao\">Hor\u00e1rio de abertura: 12:30H<\/p>\n<p>A presente licita\u00e7\u00e3o tem como objeto o registro de pre\u00e7os para futura e eventual contrata\u00e7\u00e3o de empresa para realiza\u00e7\u00e3o de exames laboratoriais de an\u00e1lises cl\u00ednicas para os usu\u00e1rios da Secretararia Municipal de Sa\u00fade, conforme especificados no Anexo I \u2013 Termo de Refer\u00eancia\/Especifica\u00e7\u00f5es do objeto, parte integrante do presente Edital.<\/p>\n<p><strong>Status: <\/strong>Em andamento<\/p>\n","protected":false},"featured_media":0,"comment_status":"closed","ping_status":"closed","template":"","meta":[],"product_brand":[],"product_cat":[48],"product_tag":[],"class_list":{"0":"post-1143","1":"product","2":"type-product","3":"status-publish","5":"product_cat-pregao-presencial","6":"wcpa_has_options","8":"first","9":"instock","10":"shipping-taxable","11":"product-type-simple"},"_links":{"self":[{"href":"https:\/\/inimutaba.mg.gov.br\/licitacoes\/wp-json\/wp\/v2\/product\/1143","targetHints":{"allow":["GET"]}}],"collection":[{"href":"https:\/\/inimutaba.mg.gov.br\/licitacoes\/wp-json\/wp\/v2\/product"}],"about":[{"href":"https:\/\/inimutaba.mg.gov.br\/licitacoes\/wp-json\/wp\/v2\/types\/product"}],"replies":[{"embeddable":true,"href":"https:\/\/inimutaba.mg.gov.br\/licitacoes\/wp-json\/wp\/v2\/comments?post=1143"}],"version-history":[{"count":1,"href":"https:\/\/inimutaba.mg.gov.br\/licitacoes\/wp-json\/wp\/v2\/product\/1143\/revisions"}],"predecessor-version":[{"id":1145,"href":"https:\/\/inimutaba.mg.gov.br\/licitacoes\/wp-json\/wp\/v2\/product\/1143\/revisions\/1145"}],"wp:attachment":[{"href":"https:\/\/inimutaba.mg.gov.br\/licitacoes\/wp-json\/wp\/v2\/media?parent=1143"}],"wp:term":[{"taxonomy":"product_brand","embeddable":true,"href":"https:\/\/inimutaba.mg.gov.br\/licitacoes\/wp-json\/wp\/v2\/product_brand?post=1143"},{"taxonomy":"product_cat","embeddable":true,"href":"https:\/\/inimutaba.mg.gov.br\/licitacoes\/wp-json\/wp\/v2\/product_cat?post=1143"},{"taxonomy":"product_tag","embeddable":true,"href":"https:\/\/inimutaba.mg.gov.br\/licitacoes\/wp-json\/wp\/v2\/product_tag?post=1143"}],"curies":[{"name":"wp","href":"https:\/\/api.w.org\/{rel}","templated":true}]}}