{"id":1149,"date":"2024-06-10T16:12:34","date_gmt":"2024-06-10T19:12:34","guid":{"rendered":"https:\/\/inimutaba.mg.gov.br\/licitacoes\/?post_type=product&#038;p=1149"},"modified":"2024-06-20T15:54:07","modified_gmt":"2024-06-20T18:54:07","slug":"dp-026-2024","status":"publish","type":"product","link":"https:\/\/inimutaba.mg.gov.br\/licitacoes\/processo\/dp-026-2024\/","title":{"rendered":"DP &#8211; 026\/2024"},"content":{"rendered":"<p><strong>N\u00famero da licita\u00e7\u00e3o: 026\/2024<\/strong><\/p>\n<p><strong>N\u00famero do processo administrativo:<\/strong> 026<\/p>\n<p><strong>Modalidade da licita\u00e7\u00e3o:<\/strong> DISPENSA PRESENCIAL<\/p>\n<p><strong>Fundamenta\u00e7\u00e3o legal:<\/strong> Nova Lei de Licita\u00e7\u00f5es Lei 14.133\/2021<\/p>\n<p><strong>Objeto:<\/strong> Contrata\u00e7\u00e3o de empresa para execu\u00e7\u00e3o de recapeamento asf\u00e1ltico em TSD na rua Raimundo Costa Chaves, Centro, na sede do munic\u00edpio de Inimutaba, conforme memorial descritivo, cronograma f\u00edsico financeiro, projeto b\u00e1sico e demais documentos que comp\u00f5em o ANEXO I (Termo de Refer\u00eancia), em atendimento da Secretaria Municipal de Obras e Servi\u00e7os P\u00fablicos deste Munic\u00edpio.<\/p>\n<p><strong>Unidade solicitante:<\/strong> PREFEITURA MUNICIPAL DE INIMUTABA\/MG<\/p>\n<p><strong>Data de publica\u00e7\u00e3o:<\/strong> 10\/06\/2024<\/p>\n<p><strong>Data de abertura:<\/strong> 18\/06\/2024<\/p>\n<p><strong>Hor\u00e1rio de abertura:<\/strong> 13:00 HORAS<\/p>\n<p><strong>Local da Sess\u00e3o Publica:<\/strong> Sala da Comiss\u00e3o de Licita\u00e7\u00f5es e Contratos no Predio da Prefeitura Municipal, com sede na Pra\u00e7a Cel. Francisco Mascarenhas, n\u00ba 76, centro, Inimutaba\/MG.<\/p>\n<p><strong>Status:<\/strong> <strong>Finalizado<\/strong><\/p>\n","protected":false},"excerpt":{"rendered":"<p class=\"unidade\">Unidade: Prefeitura Municipal de Inimutaba &#8211; MG<\/p>\n<p class=\"dt_habilitacao\">Data de abertura: 18\/06\/2024<\/p>\n<p class=\"dt_habilitacao\">Hor\u00e1rio de abertura: 13:00H<\/p>\n<p>Contrata\u00e7\u00e3o de empresa para execu\u00e7\u00e3o de recapeamento asf\u00e1ltico em TSD na rua Raimundo Costa Chaves, Centro, na sede do munic\u00edpio de Inimutaba, conforme memorial descritivo, cronograma f\u00edsico financeiro, projeto b\u00e1sico e demais documentos que comp\u00f5em o ANEXO I (Termo de Refer\u00eancia), em atendimento da Secretaria Municipal de Obras e Servi\u00e7os P\u00fablicos deste Munic\u00edpio.<\/p>\n<p><strong>Status: <\/strong>Finalizado<\/p>\n","protected":false},"featured_media":0,"comment_status":"closed","ping_status":"closed","template":"","meta":[],"product_brand":[],"product_cat":[46],"product_tag":[],"class_list":{"0":"post-1149","1":"product","2":"type-product","3":"status-publish","5":"product_cat-dispensa-presencial","6":"wcpa_has_options","8":"first","9":"instock","10":"shipping-taxable","11":"product-type-simple"},"_links":{"self":[{"href":"https:\/\/inimutaba.mg.gov.br\/licitacoes\/wp-json\/wp\/v2\/product\/1149","targetHints":{"allow":["GET"]}}],"collection":[{"href":"https:\/\/inimutaba.mg.gov.br\/licitacoes\/wp-json\/wp\/v2\/product"}],"about":[{"href":"https:\/\/inimutaba.mg.gov.br\/licitacoes\/wp-json\/wp\/v2\/types\/product"}],"replies":[{"embeddable":true,"href":"https:\/\/inimutaba.mg.gov.br\/licitacoes\/wp-json\/wp\/v2\/comments?post=1149"}],"version-history":[{"count":3,"href":"https:\/\/inimutaba.mg.gov.br\/licitacoes\/wp-json\/wp\/v2\/product\/1149\/revisions"}],"predecessor-version":[{"id":1173,"href":"https:\/\/inimutaba.mg.gov.br\/licitacoes\/wp-json\/wp\/v2\/product\/1149\/revisions\/1173"}],"wp:attachment":[{"href":"https:\/\/inimutaba.mg.gov.br\/licitacoes\/wp-json\/wp\/v2\/media?parent=1149"}],"wp:term":[{"taxonomy":"product_brand","embeddable":true,"href":"https:\/\/inimutaba.mg.gov.br\/licitacoes\/wp-json\/wp\/v2\/product_brand?post=1149"},{"taxonomy":"product_cat","embeddable":true,"href":"https:\/\/inimutaba.mg.gov.br\/licitacoes\/wp-json\/wp\/v2\/product_cat?post=1149"},{"taxonomy":"product_tag","embeddable":true,"href":"https:\/\/inimutaba.mg.gov.br\/licitacoes\/wp-json\/wp\/v2\/product_tag?post=1149"}],"curies":[{"name":"wp","href":"https:\/\/api.w.org\/{rel}","templated":true}]}}