{"id":1164,"date":"2024-06-17T16:14:55","date_gmt":"2024-06-17T19:14:55","guid":{"rendered":"https:\/\/inimutaba.mg.gov.br\/licitacoes\/?post_type=product&#038;p=1164"},"modified":"2024-06-18T18:19:13","modified_gmt":"2024-06-18T21:19:13","slug":"pe-028-2024","status":"publish","type":"product","link":"https:\/\/inimutaba.mg.gov.br\/licitacoes\/processo\/pe-028-2024\/","title":{"rendered":"PE &#8211; 028\/2024"},"content":{"rendered":"<p><strong>N\u00famero da licita\u00e7\u00e3o: 028\/2024<\/strong><\/p>\n<p><strong>N\u00famero do processo administrativo:<\/strong> 028<\/p>\n<p><strong>Modalidade da licita\u00e7\u00e3o:<\/strong> PREG\u00c3O ELETR\u00d4NICO<\/p>\n<p><strong>Fundamenta\u00e7\u00e3o legal:<\/strong>\u00a0Nova Lei de Licita\u00e7\u00f5es Lei 14.133\/2021<\/p>\n<p><strong>Objeto:<\/strong> Aquisi\u00e7\u00f5es de materiais esportivos para atendimento ao Programa Gera\u00e7\u00e3o de Esporte (Conv\u00eanio n\u00ba 1481002269\/2023, firmado entre o Estado de Minas Gerais, atrav\u00e9s da Secretaria de Estado de Desenvolvimento Social \u2013 SEDESE e o Munic\u00edpio de Inimutaba\/MG), conforme condi\u00e7\u00f5es e especifica\u00e7\u00f5es constantes neste edital e seus anexos.<\/p>\n<p><strong>Unidade solicitante:<\/strong>\u00a0PREFEITURA MUNICIPAL DE INIMUTABA\/MG<\/p>\n<p><strong>Data de publica\u00e7\u00e3o:<\/strong> 17\/06\/2024<\/p>\n<p><strong>Data de abertura:<\/strong> 01\/07\/2024<\/p>\n<p><strong>Hor\u00e1rio de abertura:<\/strong> 12:30 HORAS<\/p>\n<p><strong>Local da Sess\u00e3o Publica:<\/strong> www.licitardigital.com.br<\/p>\n<p><strong>Status:<\/strong> Em andamento<\/p>\n","protected":false},"excerpt":{"rendered":"<p class=\"unidade\">Unidade: Prefeitura Municipal de Inimutaba &#8211; MG<\/p>\n<p class=\"dt_habilitacao\">Data de abertura: 01\/07\/2024<\/p>\n<p class=\"dt_habilitacao\">Hor\u00e1rio de abertura: 12:30H<\/p>\n<p>Aquisi\u00e7\u00f5es de materiais esportivos para atendimento ao Programa Gera\u00e7\u00e3o de Esporte (Conv\u00eanio n\u00ba 1481002269\/2023, firmado entre o Estado de Minas Gerais, atrav\u00e9s da Secretaria de Estado de Desenvolvimento Social \u2013 SEDESE e o Munic\u00edpio de Inimutaba\/MG), conforme condi\u00e7\u00f5es e especifica\u00e7\u00f5es constantes neste edital e seus anexos.<\/p>\n<p><strong>Status: <\/strong>Em andamento<\/p>\n","protected":false},"featured_media":0,"comment_status":"closed","ping_status":"closed","template":"","meta":[],"product_brand":[],"product_cat":[33],"product_tag":[],"class_list":{"0":"post-1164","1":"product","2":"type-product","3":"status-publish","5":"product_cat-pregao-eletronico","6":"wcpa_has_options","8":"first","9":"instock","10":"shipping-taxable","11":"product-type-simple"},"_links":{"self":[{"href":"https:\/\/inimutaba.mg.gov.br\/licitacoes\/wp-json\/wp\/v2\/product\/1164","targetHints":{"allow":["GET"]}}],"collection":[{"href":"https:\/\/inimutaba.mg.gov.br\/licitacoes\/wp-json\/wp\/v2\/product"}],"about":[{"href":"https:\/\/inimutaba.mg.gov.br\/licitacoes\/wp-json\/wp\/v2\/types\/product"}],"replies":[{"embeddable":true,"href":"https:\/\/inimutaba.mg.gov.br\/licitacoes\/wp-json\/wp\/v2\/comments?post=1164"}],"version-history":[{"count":1,"href":"https:\/\/inimutaba.mg.gov.br\/licitacoes\/wp-json\/wp\/v2\/product\/1164\/revisions"}],"predecessor-version":[{"id":1165,"href":"https:\/\/inimutaba.mg.gov.br\/licitacoes\/wp-json\/wp\/v2\/product\/1164\/revisions\/1165"}],"wp:attachment":[{"href":"https:\/\/inimutaba.mg.gov.br\/licitacoes\/wp-json\/wp\/v2\/media?parent=1164"}],"wp:term":[{"taxonomy":"product_brand","embeddable":true,"href":"https:\/\/inimutaba.mg.gov.br\/licitacoes\/wp-json\/wp\/v2\/product_brand?post=1164"},{"taxonomy":"product_cat","embeddable":true,"href":"https:\/\/inimutaba.mg.gov.br\/licitacoes\/wp-json\/wp\/v2\/product_cat?post=1164"},{"taxonomy":"product_tag","embeddable":true,"href":"https:\/\/inimutaba.mg.gov.br\/licitacoes\/wp-json\/wp\/v2\/product_tag?post=1164"}],"curies":[{"name":"wp","href":"https:\/\/api.w.org\/{rel}","templated":true}]}}