{"id":1242,"date":"2024-07-31T12:32:18","date_gmt":"2024-07-31T15:32:18","guid":{"rendered":"https:\/\/inimutaba.mg.gov.br\/licitacoes\/?post_type=product&#038;p=1242"},"modified":"2024-09-12T18:09:02","modified_gmt":"2024-09-12T21:09:02","slug":"dp-032-2024","status":"publish","type":"product","link":"https:\/\/inimutaba.mg.gov.br\/licitacoes\/processo\/dp-032-2024\/","title":{"rendered":"DP &#8211; 032\/2024"},"content":{"rendered":"<p><strong>N\u00famero da licita\u00e7\u00e3o: 032\/2024<\/strong><\/p>\n<p><strong>N\u00famero do processo administrativo:<\/strong> 032<\/p>\n<p><strong>Modalidade da licita\u00e7\u00e3o:<\/strong> DISPENSA PRESENCIAL<\/p>\n<p><strong>Fundamenta\u00e7\u00e3o legal:<\/strong> Nova Lei de Licita\u00e7\u00f5es Lei 14.133\/2021<\/p>\n<p><strong>Objeto:<\/strong> CONTRATA\u00c7\u00c3O DE EMPRESA PARA EXECU\u00c7\u00c3O DE PINTURA, COM FORNECIMENTO DE MATERIAL, DO CENTRO EDUCACIONAL MUNICIPAL ALEIXINA DIAS DE CARVALHO E VEL\u00d3RIO MUNICIPAL, conforme planilha or\u00e7ament\u00e1ria, memorial descritivo, cronograma f\u00edsico financeiro, e demais documentos que comp\u00f5em o ANEXO I (Termo de Refer\u00eancia), em atendimento da Secretaria Municipal de Obras e Servi\u00e7os P\u00fablicos deste Munic\u00edpio.<\/p>\n<p><strong>Unidade solicitante:<\/strong> PREFEITURA MUNICIPAL DE INIMUTABA\/MG<\/p>\n<p><strong>Data de publica\u00e7\u00e3o:<\/strong> 31\/07\/2024<\/p>\n<p><strong>Data de abertura:<\/strong> 05\/08\/2024<\/p>\n<p><strong>Hor\u00e1rio de abertura:<\/strong> 16:00 HORAS<\/p>\n<p><strong>Local da Sess\u00e3o Publica:<\/strong> Sala da Comiss\u00e3o de Licita\u00e7\u00f5es e Contratos no Predio da Prefeitura Municipal, com sede na Pra\u00e7a Cel. Francisco Mascarenhas, n\u00ba 76, centro, Inimutaba\/MG.<\/p>\n<p><strong>Status:<\/strong> Finalizado<\/p>\n","protected":false},"excerpt":{"rendered":"<p class=\"unidade\">Unidade: Prefeitura Municipal de Inimutaba &#8211; MG<\/p>\n<p class=\"dt_habilitacao\">Data de abertura: 05\/08\/2024<\/p>\n<p class=\"dt_habilitacao\">Hor\u00e1rio de abertura: 16:00H<\/p>\n<p>CONTRATA\u00c7\u00c3O DE EMPRESA PARA EXECU\u00c7\u00c3O DE PINTURA, COM FORNECIMENTO DE MATERIAL, DO CENTRO EDUCACIONAL MUNICIPAL ALEIXINA DIAS DE CARVALHO E VEL\u00d3RIO MUNICIPAL, conforme planilha or\u00e7ament\u00e1ria, memorial descritivo, cronograma f\u00edsico financeiro, e demais documentos que comp\u00f5em o ANEXO I (Termo de Refer\u00eancia), em atendimento da Secretaria Municipal de Obras e Servi\u00e7os P\u00fablicos deste Munic\u00edpio.<\/p>\n<p><strong>Status: <\/strong>Finalizado<\/p>\n","protected":false},"featured_media":0,"comment_status":"closed","ping_status":"closed","template":"","meta":[],"product_brand":[],"product_cat":[46],"product_tag":[],"class_list":{"0":"post-1242","1":"product","2":"type-product","3":"status-publish","5":"product_cat-dispensa-presencial","6":"wcpa_has_options","8":"first","9":"instock","10":"shipping-taxable","11":"product-type-simple"},"_links":{"self":[{"href":"https:\/\/inimutaba.mg.gov.br\/licitacoes\/wp-json\/wp\/v2\/product\/1242","targetHints":{"allow":["GET"]}}],"collection":[{"href":"https:\/\/inimutaba.mg.gov.br\/licitacoes\/wp-json\/wp\/v2\/product"}],"about":[{"href":"https:\/\/inimutaba.mg.gov.br\/licitacoes\/wp-json\/wp\/v2\/types\/product"}],"replies":[{"embeddable":true,"href":"https:\/\/inimutaba.mg.gov.br\/licitacoes\/wp-json\/wp\/v2\/comments?post=1242"}],"version-history":[{"count":3,"href":"https:\/\/inimutaba.mg.gov.br\/licitacoes\/wp-json\/wp\/v2\/product\/1242\/revisions"}],"predecessor-version":[{"id":1274,"href":"https:\/\/inimutaba.mg.gov.br\/licitacoes\/wp-json\/wp\/v2\/product\/1242\/revisions\/1274"}],"wp:attachment":[{"href":"https:\/\/inimutaba.mg.gov.br\/licitacoes\/wp-json\/wp\/v2\/media?parent=1242"}],"wp:term":[{"taxonomy":"product_brand","embeddable":true,"href":"https:\/\/inimutaba.mg.gov.br\/licitacoes\/wp-json\/wp\/v2\/product_brand?post=1242"},{"taxonomy":"product_cat","embeddable":true,"href":"https:\/\/inimutaba.mg.gov.br\/licitacoes\/wp-json\/wp\/v2\/product_cat?post=1242"},{"taxonomy":"product_tag","embeddable":true,"href":"https:\/\/inimutaba.mg.gov.br\/licitacoes\/wp-json\/wp\/v2\/product_tag?post=1242"}],"curies":[{"name":"wp","href":"https:\/\/api.w.org\/{rel}","templated":true}]}}