{"id":1278,"date":"2024-08-12T13:43:58","date_gmt":"2024-08-12T16:43:58","guid":{"rendered":"https:\/\/inimutaba.mg.gov.br\/licitacoes\/?post_type=product&#038;p=1278"},"modified":"2024-08-12T13:49:14","modified_gmt":"2024-08-12T16:49:14","slug":"cp-043-2024","status":"publish","type":"product","link":"https:\/\/inimutaba.mg.gov.br\/licitacoes\/processo\/cp-043-2024\/","title":{"rendered":"CP &#8211; 043\/2024"},"content":{"rendered":"<p><strong>N\u00famero da licita\u00e7\u00e3o: 043\/2024<\/strong><\/p>\n<p><strong>N\u00famero do processo administrativo:<\/strong> 043<\/p>\n<p><strong>Modalidade da licita\u00e7\u00e3o:<\/strong> CREDENCIAMENTO<\/p>\n<p><strong>Objeto:<\/strong> Aquisi\u00e7\u00e3o de g\u00eaneros aliment\u00edcios atrav\u00e9s da Agricultura Familiar para alimenta\u00e7\u00e3o escolar da rede de educa\u00e7\u00e3o b\u00e1sica p\u00fabica do Munic\u00edpio, no 2\u00ba semestre\/2024, destinado \u00e0 complemtna\u00e7\u00e3o do card\u00e1pio, atendendo as necessidades nutricionais previstas pelo Programa Nacional de Alimenta\u00e7\u00e3o Escolar (PNAE), para atender as demandas da Secretaria Municipal de Educa\u00e7\u00e3o de Inimutaba\/MG.<\/p>\n<p><strong>Unidade solicitante:<\/strong> PREFEITURA MUNICIPAL DE INIMUTABA\/MG<\/p>\n<p><strong>Data de publica\u00e7\u00e3o:<\/strong> 12\/08\/2024<\/p>\n<p><strong>An\u00e1lise dos documentos a partir de:<\/strong> 02\/09\/2024<\/p>\n<p><strong>Hor\u00e1rio de abertura:<\/strong> 13:00 HORAS<\/p>\n<p><strong>Local do recebimento dos envelopes de habilita\u00e7\u00e3o e de projetos de venda: <\/strong>Sala da Comiss\u00e3o de Licita\u00e7\u00f5es e Contratos no Predio da Prefeitura Municipal, com sede na Pra\u00e7a Cel. Francisco Mascarenhas, n\u00ba 76, centro, Inimutaba\/MG ou por meio eletr\u00f4nico conforme <strong>E-MAIL: licitacaoinimutaba@yahoo.com.br<\/strong><\/p>\n<p><strong>LEGISLA\u00c7\u00c3O APLIC\u00c1VEL:<\/strong> Lei n\u00b0 11.947\/2009; Lei n\u00b0 14.660\/2023; Resolu\u00e7\u00e3o FNDE n\u00b0 06, de 08.05.2020; Resolu\u00e7\u00e3o FNDE n\u00b0 21, de 16.11.2021 e, subsidiariamente, a Lei n\u00b0 14.133\/2021 e suas altera\u00e7\u00f5es.<\/p>\n<p><strong>Status:<\/strong>\u00a0 Em andamento<\/p>\n","protected":false},"excerpt":{"rendered":"<p class=\"unidade\">Unidade: Prefeitura Municipal de Inimutaba &#8211; MG<\/p>\n<p class=\"dt_habilitacao\">Data de abertura: 02\/09\/2024<\/p>\n<p class=\"dt_habilitacao\">Hor\u00e1rio de abertura: 13:00H<\/p>\n<p>Aquisi\u00e7\u00e3o de g\u00eaneros aliment\u00edcios atrav\u00e9s da Agricultura Familiar para alimenta\u00e7\u00e3o escolar da rede de educa\u00e7\u00e3o b\u00e1sica p\u00fabica do Munic\u00edpio, no 2\u00ba semestre\/2024, destinado \u00e0 complemtna\u00e7\u00e3o do card\u00e1pio, atendendo as necessidades nutricionais previstas pelo Programa Nacional de Alimenta\u00e7\u00e3o Escolar (PNAE), para atender as demandas da Secretaria Municipal de Educa\u00e7\u00e3o de Inimutaba\/MG.<\/p>\n<p><strong>Status: <\/strong>Em andamento<\/p>\n","protected":false},"featured_media":0,"comment_status":"closed","ping_status":"closed","template":"","meta":[],"product_brand":[],"product_cat":[47],"product_tag":[],"class_list":{"0":"post-1278","1":"product","2":"type-product","3":"status-publish","5":"product_cat-credenciamento","6":"wcpa_has_options","8":"first","9":"instock","10":"shipping-taxable","11":"product-type-simple"},"_links":{"self":[{"href":"https:\/\/inimutaba.mg.gov.br\/licitacoes\/wp-json\/wp\/v2\/product\/1278","targetHints":{"allow":["GET"]}}],"collection":[{"href":"https:\/\/inimutaba.mg.gov.br\/licitacoes\/wp-json\/wp\/v2\/product"}],"about":[{"href":"https:\/\/inimutaba.mg.gov.br\/licitacoes\/wp-json\/wp\/v2\/types\/product"}],"replies":[{"embeddable":true,"href":"https:\/\/inimutaba.mg.gov.br\/licitacoes\/wp-json\/wp\/v2\/comments?post=1278"}],"version-history":[{"count":1,"href":"https:\/\/inimutaba.mg.gov.br\/licitacoes\/wp-json\/wp\/v2\/product\/1278\/revisions"}],"predecessor-version":[{"id":1281,"href":"https:\/\/inimutaba.mg.gov.br\/licitacoes\/wp-json\/wp\/v2\/product\/1278\/revisions\/1281"}],"wp:attachment":[{"href":"https:\/\/inimutaba.mg.gov.br\/licitacoes\/wp-json\/wp\/v2\/media?parent=1278"}],"wp:term":[{"taxonomy":"product_brand","embeddable":true,"href":"https:\/\/inimutaba.mg.gov.br\/licitacoes\/wp-json\/wp\/v2\/product_brand?post=1278"},{"taxonomy":"product_cat","embeddable":true,"href":"https:\/\/inimutaba.mg.gov.br\/licitacoes\/wp-json\/wp\/v2\/product_cat?post=1278"},{"taxonomy":"product_tag","embeddable":true,"href":"https:\/\/inimutaba.mg.gov.br\/licitacoes\/wp-json\/wp\/v2\/product_tag?post=1278"}],"curies":[{"name":"wp","href":"https:\/\/api.w.org\/{rel}","templated":true}]}}