{"id":1349,"date":"2024-08-26T15:53:51","date_gmt":"2024-08-26T18:53:51","guid":{"rendered":"https:\/\/inimutaba.mg.gov.br\/licitacoes\/?post_type=product&#038;p=1349"},"modified":"2024-10-03T15:59:29","modified_gmt":"2024-10-03T18:59:29","slug":"inex-049-2024","status":"publish","type":"product","link":"https:\/\/inimutaba.mg.gov.br\/licitacoes\/processo\/inex-049-2024\/","title":{"rendered":"INEX &#8211; 049\/2024"},"content":{"rendered":"<p><strong>N\u00famero da licita\u00e7\u00e3o: 049\/2024<\/strong><\/p>\n<p><strong>N\u00famero do processo administrativo:<\/strong> 049<\/p>\n<p><strong>Modalidade da licita\u00e7\u00e3o:<\/strong> INEXIGIBILIDADE<\/p>\n<p><strong>Fundamenta\u00e7\u00e3o legal:<\/strong> Nova Lei de Licita\u00e7\u00f5es Lei 14.133\/2021<\/p>\n<p><strong>Objeto:<\/strong> Loca\u00e7\u00e3o de im\u00f3vel para funcionamento das atividades da Secretaria Municipal de A\u00e7\u00e3o Social e Trabalho<\/p>\n<p><strong>Unidade solicitante:<\/strong> PREFEITURA MUNICIPAL DE INIMUTABA\/MG<\/p>\n<p><strong>Data de publica\u00e7\u00e3o:<\/strong> 26\/08\/2024<\/p>\n<p><strong>Data de abertura:<\/strong> 29\/08\/2024<\/p>\n<p><strong>Hor\u00e1rio de abertura:<\/strong> 10:00 HORAS<\/p>\n<p><strong>Local da Sess\u00e3o Publica:<\/strong> Sala da Comiss\u00e3o de Licita\u00e7\u00f5es e Contratos no Predio da Prefeitura Municipal, com sede na Pra\u00e7a Cel. Francisco Mascarenhas, n\u00ba 76, centro, Inimutaba\/MG.<\/p>\n<p><strong>Status:<\/strong>\u00a0 Finalizado<\/p>\n","protected":false},"excerpt":{"rendered":"<p class=\"unidade\">Unidade: Prefeitura Municipal de Inimutaba &#8211; MG<\/p>\n<p class=\"dt_habilitacao\">Data de abertura: 29\/08\/2024<\/p>\n<p class=\"dt_habilitacao\">Hor\u00e1rio de abertura: 10:00H<\/p>\n<p>Loca\u00e7\u00e3o de im\u00f3vel para funcionamento das atividades da Secretaria Municipal de A\u00e7\u00e3o Social e Trabalho<\/p>\n<p><strong>Status: <\/strong>Finalizado<\/p>\n","protected":false},"featured_media":0,"comment_status":"closed","ping_status":"closed","template":"","meta":[],"product_brand":[],"product_cat":[40],"product_tag":[],"class_list":{"0":"post-1349","1":"product","2":"type-product","3":"status-publish","5":"product_cat-inexigibilidade","6":"wcpa_has_options","8":"first","9":"instock","10":"shipping-taxable","11":"product-type-simple"},"_links":{"self":[{"href":"https:\/\/inimutaba.mg.gov.br\/licitacoes\/wp-json\/wp\/v2\/product\/1349","targetHints":{"allow":["GET"]}}],"collection":[{"href":"https:\/\/inimutaba.mg.gov.br\/licitacoes\/wp-json\/wp\/v2\/product"}],"about":[{"href":"https:\/\/inimutaba.mg.gov.br\/licitacoes\/wp-json\/wp\/v2\/types\/product"}],"replies":[{"embeddable":true,"href":"https:\/\/inimutaba.mg.gov.br\/licitacoes\/wp-json\/wp\/v2\/comments?post=1349"}],"version-history":[{"count":1,"href":"https:\/\/inimutaba.mg.gov.br\/licitacoes\/wp-json\/wp\/v2\/product\/1349\/revisions"}],"predecessor-version":[{"id":1351,"href":"https:\/\/inimutaba.mg.gov.br\/licitacoes\/wp-json\/wp\/v2\/product\/1349\/revisions\/1351"}],"wp:attachment":[{"href":"https:\/\/inimutaba.mg.gov.br\/licitacoes\/wp-json\/wp\/v2\/media?parent=1349"}],"wp:term":[{"taxonomy":"product_brand","embeddable":true,"href":"https:\/\/inimutaba.mg.gov.br\/licitacoes\/wp-json\/wp\/v2\/product_brand?post=1349"},{"taxonomy":"product_cat","embeddable":true,"href":"https:\/\/inimutaba.mg.gov.br\/licitacoes\/wp-json\/wp\/v2\/product_cat?post=1349"},{"taxonomy":"product_tag","embeddable":true,"href":"https:\/\/inimutaba.mg.gov.br\/licitacoes\/wp-json\/wp\/v2\/product_tag?post=1349"}],"curies":[{"name":"wp","href":"https:\/\/api.w.org\/{rel}","templated":true}]}}