{"id":1352,"date":"2024-10-03T18:03:32","date_gmt":"2024-10-03T21:03:32","guid":{"rendered":"https:\/\/inimutaba.mg.gov.br\/licitacoes\/?post_type=product&#038;p=1352"},"modified":"2024-11-07T22:26:38","modified_gmt":"2024-11-08T01:26:38","slug":"dp-052-2024","status":"publish","type":"product","link":"https:\/\/inimutaba.mg.gov.br\/licitacoes\/processo\/dp-052-2024\/","title":{"rendered":"DP &#8211; 052\/2024"},"content":{"rendered":"<p><strong>N\u00famero da licita\u00e7\u00e3o: 052\/2024<\/strong><\/p>\n<p><strong>N\u00famero do processo administrativo:<\/strong> 052<\/p>\n<p><strong>Modalidade da licita\u00e7\u00e3o:<\/strong> DISPENSA PRESENCIAL<\/p>\n<p><strong>Fundamenta\u00e7\u00e3o legal:<\/strong> Nova Lei de Licita\u00e7\u00f5es Lei 14.133\/2021<\/p>\n<p><strong>Objeto:<\/strong> Contrata\u00e7\u00e3o de empresa especializada para presta\u00e7\u00e3o de servi\u00e7os de rastreamento e telemetrias de acompanhamento de localiza\u00e7\u00e3o e manuten\u00e7\u00e3o preventiva da frota municipal, conforme planilha or\u00e7ament\u00e1ria, cronograma f\u00edsico financeiro e memorial descritivo e demais documentos que comp\u00f5em o ANEXO I (Termo de Refer\u00eancia), em atendimento da Secretaria Municipal de Transporte e Tr\u00e2nsito.<\/p>\n<p><strong>Unidade solicitante:<\/strong> PREFEITURA MUNICIPAL DE INIMUTABA\/MG<\/p>\n<p><strong>Data de publica\u00e7\u00e3o:<\/strong> 03\/10\/2024<\/p>\n<p><strong>Data de abertura:<\/strong> 09\/10\/2024<\/p>\n<p><strong>Hor\u00e1rio de abertura:<\/strong> 15:00 HORAS<\/p>\n<p><strong>Local da Sess\u00e3o Publica:<\/strong> Sala da Comiss\u00e3o de Licita\u00e7\u00f5es e Contratos no Predio da Prefeitura Municipal, com sede na Pra\u00e7a Cel. Francisco Mascarenhas, n\u00ba 76, centro, Inimutaba\/MG.<\/p>\n<p><strong>Status:<\/strong> Em andamento<\/p>\n","protected":false},"excerpt":{"rendered":"<p class=\"unidade\">Unidade: Prefeitura Municipal de Inimutaba &#8211; MG<\/p>\n<p class=\"dt_habilitacao\">Data de abertura: 03\/10\/2024<\/p>\n<p class=\"dt_habilitacao\">Hor\u00e1rio de abertura: 15:00H<\/p>\n<p>Contrata\u00e7\u00e3o de empresa especializada para presta\u00e7\u00e3o de servi\u00e7os de rastreamento e telemetrias de acompanhamento de localiza\u00e7\u00e3o e manuten\u00e7\u00e3o preventiva da frota municipal, conforme planilha or\u00e7ament\u00e1ria, cronograma f\u00edsico financeiro e memorial descritivo e demais documentos que comp\u00f5em o ANEXO I (Termo de Refer\u00eancia), em atendimento da Secretaria Municipal de Transporte e Tr\u00e2nsito.<\/p>\n<p><strong>Status: <span style=\"color: #ff0000;\">Deserta<\/span><\/strong><\/p>\n","protected":false},"featured_media":0,"comment_status":"closed","ping_status":"closed","template":"","meta":[],"product_brand":[],"product_cat":[46],"product_tag":[],"class_list":{"0":"post-1352","1":"product","2":"type-product","3":"status-publish","5":"product_cat-dispensa-presencial","6":"wcpa_has_options","8":"first","9":"instock","10":"shipping-taxable","11":"product-type-simple"},"_links":{"self":[{"href":"https:\/\/inimutaba.mg.gov.br\/licitacoes\/wp-json\/wp\/v2\/product\/1352","targetHints":{"allow":["GET"]}}],"collection":[{"href":"https:\/\/inimutaba.mg.gov.br\/licitacoes\/wp-json\/wp\/v2\/product"}],"about":[{"href":"https:\/\/inimutaba.mg.gov.br\/licitacoes\/wp-json\/wp\/v2\/types\/product"}],"replies":[{"embeddable":true,"href":"https:\/\/inimutaba.mg.gov.br\/licitacoes\/wp-json\/wp\/v2\/comments?post=1352"}],"version-history":[{"count":5,"href":"https:\/\/inimutaba.mg.gov.br\/licitacoes\/wp-json\/wp\/v2\/product\/1352\/revisions"}],"predecessor-version":[{"id":1389,"href":"https:\/\/inimutaba.mg.gov.br\/licitacoes\/wp-json\/wp\/v2\/product\/1352\/revisions\/1389"}],"wp:attachment":[{"href":"https:\/\/inimutaba.mg.gov.br\/licitacoes\/wp-json\/wp\/v2\/media?parent=1352"}],"wp:term":[{"taxonomy":"product_brand","embeddable":true,"href":"https:\/\/inimutaba.mg.gov.br\/licitacoes\/wp-json\/wp\/v2\/product_brand?post=1352"},{"taxonomy":"product_cat","embeddable":true,"href":"https:\/\/inimutaba.mg.gov.br\/licitacoes\/wp-json\/wp\/v2\/product_cat?post=1352"},{"taxonomy":"product_tag","embeddable":true,"href":"https:\/\/inimutaba.mg.gov.br\/licitacoes\/wp-json\/wp\/v2\/product_tag?post=1352"}],"curies":[{"name":"wp","href":"https:\/\/api.w.org\/{rel}","templated":true}]}}