{"id":1370,"date":"2024-10-21T17:22:02","date_gmt":"2024-10-21T20:22:02","guid":{"rendered":"https:\/\/inimutaba.mg.gov.br\/licitacoes\/?post_type=product&#038;p=1370"},"modified":"2024-11-07T22:26:18","modified_gmt":"2024-11-08T01:26:18","slug":"dp-047-2024","status":"publish","type":"product","link":"https:\/\/inimutaba.mg.gov.br\/licitacoes\/processo\/dp-047-2024\/","title":{"rendered":"DP &#8211; 047\/2024"},"content":{"rendered":"<p><strong>N\u00famero da licita\u00e7\u00e3o: 047\/2024<\/strong><\/p>\n<p><strong>N\u00famero do processo administrativo:<\/strong> 047<\/p>\n<p><strong>Modalidade da licita\u00e7\u00e3o:<\/strong> DISPENSA PRESENCIAL<\/p>\n<p><strong>Fundamenta\u00e7\u00e3o legal:<\/strong> Nova Lei de Licita\u00e7\u00f5es Lei 14.133\/2021<\/p>\n<p><strong>Objeto:<\/strong> Contrata\u00e7\u00e3o de presta\u00e7\u00e3o de servi\u00e7os na coordena\u00e7\u00e3o e execu\u00e7\u00e3o de a\u00e7\u00f5es esportivas em atendimento \u00e0 Secretaria Municipal de Cultura, Esporte, Lazer e Turismo.<\/p>\n<p><strong>Unidade solicitante:<\/strong> PREFEITURA MUNICIPAL DE INIMUTABA\/MG<\/p>\n<p><strong>Data de publica\u00e7\u00e3o:<\/strong> 21\/10\/2024<\/p>\n<p><strong>Data de abertura:<\/strong> 25\/10\/2024<\/p>\n<p><strong>Hor\u00e1rio de abertura:<\/strong> 09:00 HORAS<\/p>\n<p><strong>Local da Sess\u00e3o Publica:<\/strong> Sala da Comiss\u00e3o de Licita\u00e7\u00f5es e Contratos no Predio da Prefeitura Municipal, com sede na Pra\u00e7a Cel. Francisco Mascarenhas, n\u00ba 76, centro, Inimutaba\/MG.<\/p>\n<p><strong>Status:<\/strong> Em andamento<\/p>\n","protected":false},"excerpt":{"rendered":"<p class=\"unidade\">Unidade: Prefeitura Municipal de Inimutaba &#8211; MG<\/p>\n<p class=\"dt_habilitacao\">Data de abertura: 25\/10\/2024<\/p>\n<p class=\"dt_habilitacao\">Hor\u00e1rio de abertura: 09:00H<\/p>\n<p>Contrata\u00e7\u00e3o de presta\u00e7\u00e3o de servi\u00e7os na coordena\u00e7\u00e3o e execu\u00e7\u00e3o de a\u00e7\u00f5es esportivas em atendimento \u00e0 Secretaria Municipal de Cultura, Esporte, Lazer e Turismo.<\/p>\n<p><strong>Status: <span style=\"color: #ff0000;\">Deserta<\/span><\/strong><\/p>\n","protected":false},"featured_media":0,"comment_status":"closed","ping_status":"closed","template":"","meta":[],"product_brand":[],"product_cat":[46],"product_tag":[],"class_list":{"0":"post-1370","1":"product","2":"type-product","3":"status-publish","5":"product_cat-dispensa-presencial","6":"wcpa_has_options","8":"first","9":"instock","10":"shipping-taxable","11":"product-type-simple"},"_links":{"self":[{"href":"https:\/\/inimutaba.mg.gov.br\/licitacoes\/wp-json\/wp\/v2\/product\/1370","targetHints":{"allow":["GET"]}}],"collection":[{"href":"https:\/\/inimutaba.mg.gov.br\/licitacoes\/wp-json\/wp\/v2\/product"}],"about":[{"href":"https:\/\/inimutaba.mg.gov.br\/licitacoes\/wp-json\/wp\/v2\/types\/product"}],"replies":[{"embeddable":true,"href":"https:\/\/inimutaba.mg.gov.br\/licitacoes\/wp-json\/wp\/v2\/comments?post=1370"}],"version-history":[{"count":2,"href":"https:\/\/inimutaba.mg.gov.br\/licitacoes\/wp-json\/wp\/v2\/product\/1370\/revisions"}],"predecessor-version":[{"id":1388,"href":"https:\/\/inimutaba.mg.gov.br\/licitacoes\/wp-json\/wp\/v2\/product\/1370\/revisions\/1388"}],"wp:attachment":[{"href":"https:\/\/inimutaba.mg.gov.br\/licitacoes\/wp-json\/wp\/v2\/media?parent=1370"}],"wp:term":[{"taxonomy":"product_brand","embeddable":true,"href":"https:\/\/inimutaba.mg.gov.br\/licitacoes\/wp-json\/wp\/v2\/product_brand?post=1370"},{"taxonomy":"product_cat","embeddable":true,"href":"https:\/\/inimutaba.mg.gov.br\/licitacoes\/wp-json\/wp\/v2\/product_cat?post=1370"},{"taxonomy":"product_tag","embeddable":true,"href":"https:\/\/inimutaba.mg.gov.br\/licitacoes\/wp-json\/wp\/v2\/product_tag?post=1370"}],"curies":[{"name":"wp","href":"https:\/\/api.w.org\/{rel}","templated":true}]}}