{"id":1400,"date":"2024-11-14T10:56:15","date_gmt":"2024-11-14T13:56:15","guid":{"rendered":"https:\/\/inimutaba.mg.gov.br\/licitacoes\/?post_type=product&#038;p=1400"},"modified":"2024-11-14T10:59:32","modified_gmt":"2024-11-14T13:59:32","slug":"pe-062-2024","status":"publish","type":"product","link":"https:\/\/inimutaba.mg.gov.br\/licitacoes\/processo\/pe-062-2024\/","title":{"rendered":"PE &#8211; 062\/2024"},"content":{"rendered":"<p><strong>N\u00famero da licita\u00e7\u00e3o: 062\/2024<\/strong><\/p>\n<p><strong>N\u00famero do processo administrativo:<\/strong> 062<\/p>\n<p><strong>Modalidade da licita\u00e7\u00e3o:<\/strong> PREG\u00c3O ELETR\u00d4NICO<\/p>\n<p><strong>Fundamenta\u00e7\u00e3o legal:<\/strong>\u00a0Nova Lei de Licita\u00e7\u00f5es Lei 14.133\/2021<\/p>\n<p><strong>Objeto:<\/strong> Aquisi\u00e7\u00e3o de materiais permanentes (mobili\u00e1rio, extintor, tv, ventilador) para o Setor de Almoxarifado da Farm\u00e1cia de Minas e das UBS de Inimutaba, em atendimento ao Plano da Resolu\u00e7\u00e3o n\u00ba 7824 e a Emenda Parlamentar n\u00ba 14.156.100000-1210-02, conforme condi\u00e7\u00f5es e especifica\u00e7\u00f5es constantes neste edital e seus anexos.<\/p>\n<p><strong>Unidade solicitante:<\/strong>\u00a0PREFEITURA MUNICIPAL DE INIMUTABA\/MG<\/p>\n<p><strong>Data de publica\u00e7\u00e3o:<\/strong> 14\/11\/2024<\/p>\n<p><strong>Data de abertura:<\/strong> 02\/12\/2024<\/p>\n<p><strong>Hor\u00e1rio de abertura:<\/strong> 12:30 HORAS<\/p>\n<p><strong>Local da Sess\u00e3o Publica:<\/strong> www.licitardigital.com.br<\/p>\n<p><strong>Status:<\/strong> Em andamento<\/p>\n","protected":false},"excerpt":{"rendered":"<p class=\"unidade\">Unidade: Prefeitura Municipal de Inimutaba &#8211; MG<\/p>\n<p class=\"dt_habilitacao\">Data de abertura: 02\/12\/2024<\/p>\n<p class=\"dt_habilitacao\">Hor\u00e1rio de abertura: 12:30H<\/p>\n<p>Aquisi\u00e7\u00e3o de materiais permanentes (mobili\u00e1rio, extintor, tv, ventilador) para o Setor de Almoxarifado da Farm\u00e1cia de Minas e das UBS de Inimutaba, em atendimento ao Plano da Resolu\u00e7\u00e3o n\u00ba 7824 e a Emenda Parlamentar n\u00ba 14.156.100000-1210-02, conforme condi\u00e7\u00f5es e especifica\u00e7\u00f5es constantes neste edital e seus anexos.<\/p>\n<p><strong>Status: <\/strong>Em andamento<\/p>\n","protected":false},"featured_media":0,"comment_status":"closed","ping_status":"closed","template":"","meta":[],"product_brand":[],"product_cat":[33],"product_tag":[],"class_list":{"0":"post-1400","1":"product","2":"type-product","3":"status-publish","5":"product_cat-pregao-eletronico","6":"wcpa_has_options","8":"first","9":"instock","10":"shipping-taxable","11":"product-type-simple"},"_links":{"self":[{"href":"https:\/\/inimutaba.mg.gov.br\/licitacoes\/wp-json\/wp\/v2\/product\/1400","targetHints":{"allow":["GET"]}}],"collection":[{"href":"https:\/\/inimutaba.mg.gov.br\/licitacoes\/wp-json\/wp\/v2\/product"}],"about":[{"href":"https:\/\/inimutaba.mg.gov.br\/licitacoes\/wp-json\/wp\/v2\/types\/product"}],"replies":[{"embeddable":true,"href":"https:\/\/inimutaba.mg.gov.br\/licitacoes\/wp-json\/wp\/v2\/comments?post=1400"}],"version-history":[{"count":1,"href":"https:\/\/inimutaba.mg.gov.br\/licitacoes\/wp-json\/wp\/v2\/product\/1400\/revisions"}],"predecessor-version":[{"id":1402,"href":"https:\/\/inimutaba.mg.gov.br\/licitacoes\/wp-json\/wp\/v2\/product\/1400\/revisions\/1402"}],"wp:attachment":[{"href":"https:\/\/inimutaba.mg.gov.br\/licitacoes\/wp-json\/wp\/v2\/media?parent=1400"}],"wp:term":[{"taxonomy":"product_brand","embeddable":true,"href":"https:\/\/inimutaba.mg.gov.br\/licitacoes\/wp-json\/wp\/v2\/product_brand?post=1400"},{"taxonomy":"product_cat","embeddable":true,"href":"https:\/\/inimutaba.mg.gov.br\/licitacoes\/wp-json\/wp\/v2\/product_cat?post=1400"},{"taxonomy":"product_tag","embeddable":true,"href":"https:\/\/inimutaba.mg.gov.br\/licitacoes\/wp-json\/wp\/v2\/product_tag?post=1400"}],"curies":[{"name":"wp","href":"https:\/\/api.w.org\/{rel}","templated":true}]}}