{"id":1419,"date":"2024-12-12T14:19:39","date_gmt":"2024-12-12T17:19:39","guid":{"rendered":"https:\/\/inimutaba.mg.gov.br\/licitacoes\/?post_type=product&#038;p=1419"},"modified":"2025-02-26T19:11:12","modified_gmt":"2025-02-26T22:11:12","slug":"con-066-2024","status":"publish","type":"product","link":"https:\/\/inimutaba.mg.gov.br\/licitacoes\/processo\/con-066-2024\/","title":{"rendered":"CON &#8211; 066\/2024"},"content":{"rendered":"<p><strong>N\u00famero da licita\u00e7\u00e3o: 066\/2024<\/strong><\/p>\n<p><strong>N\u00famero do processo administrativo:<\/strong> 066<\/p>\n<p><strong>Modalidade da licita\u00e7\u00e3o:<\/strong> CONCORR\u00caNCIA PRESENCIAL<\/p>\n<p><strong>Fundamenta\u00e7\u00e3o legal:<\/strong> Nova Lei de Licita\u00e7\u00f5es Lei 14.133\/2021<\/p>\n<p><strong>Objeto:<\/strong> A presente licita\u00e7\u00e3o tem por objeto a contrata\u00e7\u00e3o de empresa para execu\u00e7\u00e3o de obra reforma e readequa\u00e7\u00e3o para implanta\u00e7\u00e3o do Centro Social, situado na Av. Padre Agostinho Klinger, 317, Bairro Nossa Senhora das Gra\u00e7as, Inimutaba\/MG, conforme especificados no Anexo I \u2013 Termo de Refer\u00eancia\/ Especifica\u00e7\u00f5es do objeto, parte integrante do presente Edital.<\/p>\n<p><strong>Unidade solicitante:<\/strong> PREFEITURA MUNICIPAL DE INIMUTABA\/MG<\/p>\n<p><strong>Data de publica\u00e7\u00e3o:<\/strong> 12\/12\/2024<\/p>\n<p><strong>Data de abertura:<\/strong> 06\/01\/2025<\/p>\n<p><strong>Hor\u00e1rio de abertura:<\/strong> 09:00 HORAS<\/p>\n<p><strong>Local da Sess\u00e3o Publica:<\/strong> Sala da Comiss\u00e3o de Licita\u00e7\u00f5es e Contratos no Predio da Prefeitura Municipal, com sede na Pra\u00e7a Cel. Francisco Mascarenhas, n\u00ba 76, centro, Inimutaba\/MG.<\/p>\n<p><strong>Status:<\/strong> Em andamento<\/p>\n","protected":false},"excerpt":{"rendered":"<p class=\"unidade\">Unidade: Prefeitura Municipal de Inimutaba &#8211; MG<\/p>\n<p class=\"dt_habilitacao\">Data de abertura: 06\/01\/2025<\/p>\n<p class=\"dt_habilitacao\">Hor\u00e1rio de abertura: 09:00H<\/p>\n<p>A presente licita\u00e7\u00e3o tem por objeto a contrata\u00e7\u00e3o de empresa para execu\u00e7\u00e3o de obra reforma e readequa\u00e7\u00e3o para implanta\u00e7\u00e3o do Centro Social, situado na Av. Padre Agostinho Klinger, 317, Bairro Nossa Senhora das Gra\u00e7as, Inimutaba\/MG, conforme especificados no Anexo I \u2013 Termo de Refer\u00eancia\/ Especifica\u00e7\u00f5es do objeto, parte integrante do presente Edital.<\/p>\n<p><strong>Status: <\/strong>Em andamento<\/p>\n","protected":false},"featured_media":0,"comment_status":"closed","ping_status":"closed","template":"","meta":[],"product_brand":[],"product_cat":[45],"product_tag":[],"class_list":{"0":"post-1419","1":"product","2":"type-product","3":"status-publish","5":"product_cat-concorrencia","6":"wcpa_has_options","8":"first","9":"instock","10":"shipping-taxable","11":"product-type-simple"},"_links":{"self":[{"href":"https:\/\/inimutaba.mg.gov.br\/licitacoes\/wp-json\/wp\/v2\/product\/1419","targetHints":{"allow":["GET"]}}],"collection":[{"href":"https:\/\/inimutaba.mg.gov.br\/licitacoes\/wp-json\/wp\/v2\/product"}],"about":[{"href":"https:\/\/inimutaba.mg.gov.br\/licitacoes\/wp-json\/wp\/v2\/types\/product"}],"replies":[{"embeddable":true,"href":"https:\/\/inimutaba.mg.gov.br\/licitacoes\/wp-json\/wp\/v2\/comments?post=1419"}],"version-history":[{"count":1,"href":"https:\/\/inimutaba.mg.gov.br\/licitacoes\/wp-json\/wp\/v2\/product\/1419\/revisions"}],"predecessor-version":[{"id":1429,"href":"https:\/\/inimutaba.mg.gov.br\/licitacoes\/wp-json\/wp\/v2\/product\/1419\/revisions\/1429"}],"wp:attachment":[{"href":"https:\/\/inimutaba.mg.gov.br\/licitacoes\/wp-json\/wp\/v2\/media?parent=1419"}],"wp:term":[{"taxonomy":"product_brand","embeddable":true,"href":"https:\/\/inimutaba.mg.gov.br\/licitacoes\/wp-json\/wp\/v2\/product_brand?post=1419"},{"taxonomy":"product_cat","embeddable":true,"href":"https:\/\/inimutaba.mg.gov.br\/licitacoes\/wp-json\/wp\/v2\/product_cat?post=1419"},{"taxonomy":"product_tag","embeddable":true,"href":"https:\/\/inimutaba.mg.gov.br\/licitacoes\/wp-json\/wp\/v2\/product_tag?post=1419"}],"curies":[{"name":"wp","href":"https:\/\/api.w.org\/{rel}","templated":true}]}}