{"id":1575,"date":"2025-04-25T16:20:18","date_gmt":"2025-04-25T19:20:18","guid":{"rendered":"https:\/\/inimutaba.mg.gov.br\/licitacoes\/?post_type=product&#038;p=1575"},"modified":"2025-05-14T15:02:05","modified_gmt":"2025-05-14T18:02:05","slug":"con-020-2025","status":"publish","type":"product","link":"https:\/\/inimutaba.mg.gov.br\/licitacoes\/processo\/con-020-2025\/","title":{"rendered":"CON &#8211; 020\/2025"},"content":{"rendered":"<p><strong>N\u00famero da licita\u00e7\u00e3o: 020\/2025<\/strong><\/p>\n<p><strong>N\u00famero do processo administrativo:<\/strong> 020<\/p>\n<p><strong>Modalidade da licita\u00e7\u00e3o:<\/strong> CONCORR\u00caNCIA PRESENCIAL<\/p>\n<p><strong>Fundamenta\u00e7\u00e3o legal:<\/strong>\u00a0Nova Lei de Licita\u00e7\u00f5es Lei 14.133\/2021<\/p>\n<p><strong>Objeto:<\/strong> A presente licita\u00e7\u00e3o tem por objeto a contrata\u00e7\u00e3o de empresa para constru\u00e7\u00e3o de pra\u00e7a e moderniza\u00e7\u00e3o do pr\u00e9dio situado na Av. Pe. Agostinho Klinger, 317, Bairro Nossa Senhora das Gra\u00e7as, Inimutaba\/MG, conforme especificados no Anexo I \u2013 Termo de Refer\u00eancia\/ Especifica\u00e7\u00f5es do objeto, parte integrante do presente Edital.<\/p>\n<p><strong>Unidade solicitante:<\/strong>\u00a0PREFEITURA MUNICIPAL DE INIMUTABA\/MG<\/p>\n<p><strong>Data de publica\u00e7\u00e3o:<\/strong> 25\/04\/2025<\/p>\n<p><strong>Data de abertura:<\/strong> 14\/05\/2025<\/p>\n<p><strong>Hor\u00e1rio de abertura:<\/strong> 13:00 HORAS<\/p>\n<p><strong>Local da Sess\u00e3o Publica:<\/strong>\u00a0Sala da Comiss\u00e3o de Licita\u00e7\u00f5es e Contratos no Predio da Prefeitura Municipal, com sede na Pra\u00e7a Cel. Francisco Mascarenhas, n\u00ba 76, centro, Inimutaba\/MG.<\/p>\n<p><strong>Status: <\/strong><span style=\"color: #000000;\">Em andamento<\/span><\/p>\n","protected":false},"excerpt":{"rendered":"<p class=\"unidade\">Unidade: Prefeitura Municipal de Inimutaba &#8211; MG<\/p>\n<p class=\"dt_habilitacao\">Data de abertura: 14\/05\/2025<\/p>\n<p class=\"dt_habilitacao\">Hor\u00e1rio de abertura: 13:00H<\/p>\n<p>A presente licita\u00e7\u00e3o tem por objeto a contrata\u00e7\u00e3o de empresa para constru\u00e7\u00e3o de pra\u00e7a e moderniza\u00e7\u00e3o do pr\u00e9dio situado na Av. Pe. Agostinho Klinger, 317, Bairro Nossa Senhora das Gra\u00e7as, Inimutaba\/MG, conforme especificados no Anexo I \u2013 Termo de Refer\u00eancia\/ Especifica\u00e7\u00f5es do objeto, parte integrante do presente Edital.<\/p>\n<p><strong>Status: <\/strong><span style=\"color: #000000;\">Em andamento<\/span><\/p>\n","protected":false},"featured_media":0,"comment_status":"closed","ping_status":"closed","template":"","meta":[],"product_brand":[],"product_cat":[45],"product_tag":[],"class_list":{"0":"post-1575","1":"product","2":"type-product","3":"status-publish","5":"product_cat-concorrencia","6":"wcpa_has_options","8":"first","9":"instock","10":"shipping-taxable","11":"product-type-simple"},"_links":{"self":[{"href":"https:\/\/inimutaba.mg.gov.br\/licitacoes\/wp-json\/wp\/v2\/product\/1575","targetHints":{"allow":["GET"]}}],"collection":[{"href":"https:\/\/inimutaba.mg.gov.br\/licitacoes\/wp-json\/wp\/v2\/product"}],"about":[{"href":"https:\/\/inimutaba.mg.gov.br\/licitacoes\/wp-json\/wp\/v2\/types\/product"}],"replies":[{"embeddable":true,"href":"https:\/\/inimutaba.mg.gov.br\/licitacoes\/wp-json\/wp\/v2\/comments?post=1575"}],"version-history":[{"count":4,"href":"https:\/\/inimutaba.mg.gov.br\/licitacoes\/wp-json\/wp\/v2\/product\/1575\/revisions"}],"predecessor-version":[{"id":1590,"href":"https:\/\/inimutaba.mg.gov.br\/licitacoes\/wp-json\/wp\/v2\/product\/1575\/revisions\/1590"}],"wp:attachment":[{"href":"https:\/\/inimutaba.mg.gov.br\/licitacoes\/wp-json\/wp\/v2\/media?parent=1575"}],"wp:term":[{"taxonomy":"product_brand","embeddable":true,"href":"https:\/\/inimutaba.mg.gov.br\/licitacoes\/wp-json\/wp\/v2\/product_brand?post=1575"},{"taxonomy":"product_cat","embeddable":true,"href":"https:\/\/inimutaba.mg.gov.br\/licitacoes\/wp-json\/wp\/v2\/product_cat?post=1575"},{"taxonomy":"product_tag","embeddable":true,"href":"https:\/\/inimutaba.mg.gov.br\/licitacoes\/wp-json\/wp\/v2\/product_tag?post=1575"}],"curies":[{"name":"wp","href":"https:\/\/api.w.org\/{rel}","templated":true}]}}