{"id":1626,"date":"2025-06-11T13:58:36","date_gmt":"2025-06-11T16:58:36","guid":{"rendered":"https:\/\/inimutaba.mg.gov.br\/licitacoes\/?post_type=product&#038;p=1626"},"modified":"2025-07-02T15:33:32","modified_gmt":"2025-07-02T18:33:32","slug":"dp-024-2025","status":"publish","type":"product","link":"https:\/\/inimutaba.mg.gov.br\/licitacoes\/processo\/dp-024-2025\/","title":{"rendered":"DP &#8211; 024\/2025"},"content":{"rendered":"<p><strong>N\u00famero da licita\u00e7\u00e3o: 024\/2025<\/strong><\/p>\n<p><strong>N\u00famero do processo administrativo:<\/strong> 024<\/p>\n<p><strong>Modalidade da licita\u00e7\u00e3o:<\/strong> DISPENSA PRESENCIAL<\/p>\n<p><strong>Fundamenta\u00e7\u00e3o legal:<\/strong> Nova Lei de Licita\u00e7\u00f5es Lei 14.133\/2021<\/p>\n<p><strong>Objeto:<\/strong> Contrata\u00e7\u00e3o pessoa f\u00edsica ou jur\u00eddica especializada para presta\u00e7\u00e3o de servi\u00e7os de consultoria de TI e gest\u00e3o de hardware, para atender as necessidades da Secretaria Municipal de Administra\u00e7\u00e3o e Fazenda.<\/p>\n<p><strong>Unidade solicitante:<\/strong> PREFEITURA MUNICIPAL DE INIMUTABA\/MG<\/p>\n<p><strong>Data de publica\u00e7\u00e3o:<\/strong> 11\/06\/2025<\/p>\n<p><strong>Data de abertura:<\/strong> 17\/06\/2025<\/p>\n<p><strong>Hor\u00e1rio de abertura:<\/strong> 13:00 HORAS<\/p>\n<p><strong>Local da Sess\u00e3o Publica:<\/strong> Sala da Comiss\u00e3o de Licita\u00e7\u00f5es e Contratos no Predio da Prefeitura Municipal, com sede na Pra\u00e7a Cel. Francisco Mascarenhas, n\u00ba 76, centro, Inimutaba\/MG.<\/p>\n<p><strong>Status:<\/strong> Finalizada<\/p>\n","protected":false},"excerpt":{"rendered":"<p class=\"unidade\">Unidade: Prefeitura Municipal de Inimutaba &#8211; MG<\/p>\n<p class=\"dt_habilitacao\">Data de abertura: 17\/06\/2025<\/p>\n<p class=\"dt_habilitacao\">Hor\u00e1rio de abertura: 13:00H<\/p>\n<p>Contrata\u00e7\u00e3o pessoa f\u00edsica ou jur\u00eddica especializada para presta\u00e7\u00e3o de servi\u00e7os de consultoria de TI e gest\u00e3o de hardware, para atender as necessidades da Secretaria Municipal de Administra\u00e7\u00e3o e Fazenda.<\/p>\n<p><strong>Status: <\/strong>Finalizada<\/p>\n","protected":false},"featured_media":0,"comment_status":"closed","ping_status":"closed","template":"","meta":[],"product_brand":[],"product_cat":[46],"product_tag":[],"class_list":{"0":"post-1626","1":"product","2":"type-product","3":"status-publish","5":"product_cat-dispensa-presencial","6":"wcpa_has_options","8":"first","9":"instock","10":"shipping-taxable","11":"product-type-simple"},"_links":{"self":[{"href":"https:\/\/inimutaba.mg.gov.br\/licitacoes\/wp-json\/wp\/v2\/product\/1626","targetHints":{"allow":["GET"]}}],"collection":[{"href":"https:\/\/inimutaba.mg.gov.br\/licitacoes\/wp-json\/wp\/v2\/product"}],"about":[{"href":"https:\/\/inimutaba.mg.gov.br\/licitacoes\/wp-json\/wp\/v2\/types\/product"}],"replies":[{"embeddable":true,"href":"https:\/\/inimutaba.mg.gov.br\/licitacoes\/wp-json\/wp\/v2\/comments?post=1626"}],"version-history":[{"count":4,"href":"https:\/\/inimutaba.mg.gov.br\/licitacoes\/wp-json\/wp\/v2\/product\/1626\/revisions"}],"predecessor-version":[{"id":1633,"href":"https:\/\/inimutaba.mg.gov.br\/licitacoes\/wp-json\/wp\/v2\/product\/1626\/revisions\/1633"}],"wp:attachment":[{"href":"https:\/\/inimutaba.mg.gov.br\/licitacoes\/wp-json\/wp\/v2\/media?parent=1626"}],"wp:term":[{"taxonomy":"product_brand","embeddable":true,"href":"https:\/\/inimutaba.mg.gov.br\/licitacoes\/wp-json\/wp\/v2\/product_brand?post=1626"},{"taxonomy":"product_cat","embeddable":true,"href":"https:\/\/inimutaba.mg.gov.br\/licitacoes\/wp-json\/wp\/v2\/product_cat?post=1626"},{"taxonomy":"product_tag","embeddable":true,"href":"https:\/\/inimutaba.mg.gov.br\/licitacoes\/wp-json\/wp\/v2\/product_tag?post=1626"}],"curies":[{"name":"wp","href":"https:\/\/api.w.org\/{rel}","templated":true}]}}