{"id":1645,"date":"2025-07-08T09:49:05","date_gmt":"2025-07-08T12:49:05","guid":{"rendered":"https:\/\/inimutaba.mg.gov.br\/licitacoes\/?post_type=product&#038;p=1645"},"modified":"2025-07-25T09:53:57","modified_gmt":"2025-07-25T12:53:57","slug":"inex-029-2025","status":"publish","type":"product","link":"https:\/\/inimutaba.mg.gov.br\/licitacoes\/processo\/inex-029-2025\/","title":{"rendered":"INEX &#8211; 029\/2025"},"content":{"rendered":"<p><strong>N\u00famero da licita\u00e7\u00e3o: 029\/2025<\/strong><\/p>\n<p><strong>N\u00famero do processo administrativo:<\/strong> 029<\/p>\n<p><strong>Modalidade da licita\u00e7\u00e3o:<\/strong> INEXIGIBILIDADE<\/p>\n<p><strong>Fundamenta\u00e7\u00e3o legal:<\/strong> Nova Lei de Licita\u00e7\u00f5es Lei 14.133\/2021<\/p>\n<p><strong>Objeto:<\/strong> Contrata\u00e7\u00e3o do show art\u00edstico da cantora \u201cBRUNA LIPIANI\u201d, reconhecida regionalmente, para apresenta\u00e7\u00e3o nas festividades do \u201c41\u00ba FORR\u00d3 DE INIMUTABA\u201d, com dura\u00e7\u00e3o m\u00ednima de 01:40 horas, no dia 26\/07\/2025, conforme especificados no Anexo I \u2013 Termo de Refer\u00eancia\/Especifica\u00e7\u00f5es do objeto, parte integrante do presente Edital.<\/p>\n<p><strong>Unidade solicitante:<\/strong> PREFEITURA MUNICIPAL DE INIMUTABA\/MG<\/p>\n<p><strong>Data de publica\u00e7\u00e3o:<\/strong> 08\/07\/2025<\/p>\n<p><strong>Data de abertura:<\/strong> 15\/07\/2025<\/p>\n<p><strong>Hor\u00e1rio de abertura:<\/strong> 15:00 HORAS<\/p>\n<p><strong>Local da Sess\u00e3o Publica:<\/strong> Sala da Comiss\u00e3o de Licita\u00e7\u00f5es e Contratos no Predio da Prefeitura Municipal, com sede na Pra\u00e7a Cel. Francisco Mascarenhas, n\u00ba 76, centro, Inimutaba\/MG.<\/p>\n<p><strong>Status:<\/strong>\u00a0 Finalizado<\/p>\n","protected":false},"excerpt":{"rendered":"<p class=\"unidade\">Unidade: Prefeitura Municipal de Inimutaba &#8211; MG<\/p>\n<p class=\"dt_habilitacao\">Data de abertura: 15\/07\/2025<\/p>\n<p class=\"dt_habilitacao\">Hor\u00e1rio de abertura: 15:00H<\/p>\n<p>Contrata\u00e7\u00e3o do show art\u00edstico da cantora \u201cBRUNA LIPIANI\u201d, reconhecida regionalmente, para apresenta\u00e7\u00e3o nas festividades do \u201c41\u00ba FORR\u00d3 DE INIMUTABA\u201d, com dura\u00e7\u00e3o m\u00ednima de 01:40 horas, no dia 26\/07\/2025, conforme especificados no Anexo I \u2013 Termo de Refer\u00eancia\/Especifica\u00e7\u00f5es do objeto, parte integrante do presente Edital.<\/p>\n<p><strong>Status: <\/strong>Finalizado<\/p>\n","protected":false},"featured_media":0,"comment_status":"closed","ping_status":"closed","template":"","meta":[],"product_brand":[],"product_cat":[40],"product_tag":[],"class_list":{"0":"post-1645","1":"product","2":"type-product","3":"status-publish","5":"product_cat-inexigibilidade","6":"wcpa_has_options","8":"first","9":"instock","10":"shipping-taxable","11":"product-type-simple"},"_links":{"self":[{"href":"https:\/\/inimutaba.mg.gov.br\/licitacoes\/wp-json\/wp\/v2\/product\/1645","targetHints":{"allow":["GET"]}}],"collection":[{"href":"https:\/\/inimutaba.mg.gov.br\/licitacoes\/wp-json\/wp\/v2\/product"}],"about":[{"href":"https:\/\/inimutaba.mg.gov.br\/licitacoes\/wp-json\/wp\/v2\/types\/product"}],"replies":[{"embeddable":true,"href":"https:\/\/inimutaba.mg.gov.br\/licitacoes\/wp-json\/wp\/v2\/comments?post=1645"}],"version-history":[{"count":1,"href":"https:\/\/inimutaba.mg.gov.br\/licitacoes\/wp-json\/wp\/v2\/product\/1645\/revisions"}],"predecessor-version":[{"id":1649,"href":"https:\/\/inimutaba.mg.gov.br\/licitacoes\/wp-json\/wp\/v2\/product\/1645\/revisions\/1649"}],"wp:attachment":[{"href":"https:\/\/inimutaba.mg.gov.br\/licitacoes\/wp-json\/wp\/v2\/media?parent=1645"}],"wp:term":[{"taxonomy":"product_brand","embeddable":true,"href":"https:\/\/inimutaba.mg.gov.br\/licitacoes\/wp-json\/wp\/v2\/product_brand?post=1645"},{"taxonomy":"product_cat","embeddable":true,"href":"https:\/\/inimutaba.mg.gov.br\/licitacoes\/wp-json\/wp\/v2\/product_cat?post=1645"},{"taxonomy":"product_tag","embeddable":true,"href":"https:\/\/inimutaba.mg.gov.br\/licitacoes\/wp-json\/wp\/v2\/product_tag?post=1645"}],"curies":[{"name":"wp","href":"https:\/\/api.w.org\/{rel}","templated":true}]}}