{"id":1681,"date":"2025-08-05T13:27:29","date_gmt":"2025-08-05T16:27:29","guid":{"rendered":"https:\/\/inimutaba.mg.gov.br\/licitacoes\/?post_type=product&#038;p=1681"},"modified":"2025-10-20T15:50:27","modified_gmt":"2025-10-20T18:50:27","slug":"pprp-023-2025-2","status":"publish","type":"product","link":"https:\/\/inimutaba.mg.gov.br\/licitacoes\/processo\/pprp-023-2025-2\/","title":{"rendered":"PPRP &#8211; 033\/2025"},"content":{"rendered":"<p><strong>N\u00famero da licita\u00e7\u00e3o: 033\/2025<\/strong><\/p>\n<p><strong>N\u00famero do processo administrativo:<\/strong> 033<\/p>\n<p><strong>Modalidade da licita\u00e7\u00e3o:<\/strong> REGISTRO DE PRE\u00c7OS<\/p>\n<p><strong>Fundamenta\u00e7\u00e3o legal:<\/strong>\u00a0Nova Lei de Licita\u00e7\u00f5es Lei 14.133\/2021<\/p>\n<p><strong>Objeto:<\/strong> A presente licita\u00e7\u00e3o tem como objeto o registro de pre\u00e7os para a futura e eventual aquisi\u00e7\u00e3o de materiais de expediente e papelaria para atendimento \u00e0s necessidades das Secretarias Municipais do Munic\u00edpio de Inimutaba\/MG, conforme especificados no Anexo I \u2013 Termo de Refer\u00eancia\/Especifica\u00e7\u00f5es do objeto, parte integrante do presente Edital.<\/p>\n<p><strong>Unidade solicitante:<\/strong>\u00a0PREFEITURA MUNICIPAL DE INIMUTABA\/MG<\/p>\n<p><strong>Data de publica\u00e7\u00e3o:<\/strong> 05\/08\/2025<\/p>\n<p><strong>Data de abertura:<\/strong> 18\/08\/2025<\/p>\n<p><strong>Hor\u00e1rio de abertura:<\/strong> 12:30 HORAS<\/p>\n<p><strong>Local da Sess\u00e3o Publica:<\/strong>\u00a0Sala da Comiss\u00e3o de Licita\u00e7\u00f5es e Contratos no Predio da Prefeitura Municipal, com sede na Pra\u00e7a Cel. Francisco Mascarenhas, n\u00ba 76, centro, Inimutaba\/MG.<\/p>\n<p><strong>Status:<\/strong> Finalizado<\/p>\n","protected":false},"excerpt":{"rendered":"<p class=\"unidade\">Unidade: Prefeitura Municipal de Inimutaba &#8211; MG<\/p>\n<p class=\"dt_habilitacao\">Data de abertura: 18\/08\/2025<\/p>\n<p class=\"dt_habilitacao\">Hor\u00e1rio de abertura: 12:30H<\/p>\n<p>A presente licita\u00e7\u00e3o tem como objeto o registro de pre\u00e7os para a futura e eventual aquisi\u00e7\u00e3o de materiais de expediente e papelaria para atendimento \u00e0s necessidades das Secretarias Municipais do Munic\u00edpio de Inimutaba\/MG, conforme especificados no Anexo I \u2013 Termo de Refer\u00eancia\/Especifica\u00e7\u00f5es do objeto, parte integrante do presente Edital.<\/p>\n<p><strong>Status:<\/strong>Finalizado<\/p>\n","protected":false},"featured_media":0,"comment_status":"closed","ping_status":"closed","template":"","meta":[],"product_brand":[],"product_cat":[34],"product_tag":[],"class_list":{"0":"post-1681","1":"product","2":"type-product","3":"status-publish","5":"product_cat-registro-de-preco","6":"wcpa_has_options","8":"first","9":"instock","10":"shipping-taxable","11":"product-type-simple"},"_links":{"self":[{"href":"https:\/\/inimutaba.mg.gov.br\/licitacoes\/wp-json\/wp\/v2\/product\/1681","targetHints":{"allow":["GET"]}}],"collection":[{"href":"https:\/\/inimutaba.mg.gov.br\/licitacoes\/wp-json\/wp\/v2\/product"}],"about":[{"href":"https:\/\/inimutaba.mg.gov.br\/licitacoes\/wp-json\/wp\/v2\/types\/product"}],"replies":[{"embeddable":true,"href":"https:\/\/inimutaba.mg.gov.br\/licitacoes\/wp-json\/wp\/v2\/comments?post=1681"}],"version-history":[{"count":2,"href":"https:\/\/inimutaba.mg.gov.br\/licitacoes\/wp-json\/wp\/v2\/product\/1681\/revisions"}],"predecessor-version":[{"id":1764,"href":"https:\/\/inimutaba.mg.gov.br\/licitacoes\/wp-json\/wp\/v2\/product\/1681\/revisions\/1764"}],"wp:attachment":[{"href":"https:\/\/inimutaba.mg.gov.br\/licitacoes\/wp-json\/wp\/v2\/media?parent=1681"}],"wp:term":[{"taxonomy":"product_brand","embeddable":true,"href":"https:\/\/inimutaba.mg.gov.br\/licitacoes\/wp-json\/wp\/v2\/product_brand?post=1681"},{"taxonomy":"product_cat","embeddable":true,"href":"https:\/\/inimutaba.mg.gov.br\/licitacoes\/wp-json\/wp\/v2\/product_cat?post=1681"},{"taxonomy":"product_tag","embeddable":true,"href":"https:\/\/inimutaba.mg.gov.br\/licitacoes\/wp-json\/wp\/v2\/product_tag?post=1681"}],"curies":[{"name":"wp","href":"https:\/\/api.w.org\/{rel}","templated":true}]}}