{"id":1692,"date":"2025-08-08T16:01:57","date_gmt":"2025-08-08T19:01:57","guid":{"rendered":"https:\/\/inimutaba.mg.gov.br\/licitacoes\/?post_type=product&#038;p=1692"},"modified":"2025-10-20T15:44:58","modified_gmt":"2025-10-20T18:44:58","slug":"con-042-2025","status":"publish","type":"product","link":"https:\/\/inimutaba.mg.gov.br\/licitacoes\/processo\/con-042-2025\/","title":{"rendered":"CON &#8211; 042\/2025"},"content":{"rendered":"<p><strong>N\u00famero da licita\u00e7\u00e3o: 042\/2025<\/strong><\/p>\n<p><strong>N\u00famero do processo administrativo:<\/strong> 042<\/p>\n<p><strong>Modalidade da licita\u00e7\u00e3o:<\/strong> CONCORR\u00caNCIA PRESENCIAL<\/p>\n<p><strong>Fundamenta\u00e7\u00e3o legal:<\/strong>\u00a0Nova Lei de Licita\u00e7\u00f5es Lei 14.133\/2021<\/p>\n<p><strong>Objeto:<\/strong> A presente licita\u00e7\u00e3o tem por objeto a contrata\u00e7\u00e3o de empresa para execu\u00e7\u00e3o de pavimenta\u00e7\u00e3o de vias p\u00fablicas: Rua Maria da Concei\u00e7\u00e3o Alves, Rua Jose Pedro de Sales, Rua Jos\u00e9 Jacinto Nunes, Rua Salvador Correia da Silva, Rua Francisca Clementina, Rua Dr. Pacifico Martins, Rua 13 de Maio, Rua Cec\u00edlia Teodoro, na sede do munic\u00edpio de Inimutaba\/MG, conforme especificados no Anexo I \u2013 Termo de Refer\u00eancia\/ Especifica\u00e7\u00f5es do objeto, parte integrante do presente Edital.<\/p>\n<p><strong>Unidade solicitante:<\/strong>\u00a0PREFEITURA MUNICIPAL DE INIMUTABA\/MG<\/p>\n<p><strong>Data de publica\u00e7\u00e3o:<\/strong> 08\/08\/2025<\/p>\n<p><strong>Data de abertura:<\/strong> 25\/08\/2025<\/p>\n<p><strong>Hor\u00e1rio de abertura:<\/strong> 13:00 HORAS<\/p>\n<p><strong>Local da Sess\u00e3o Publica:<\/strong>\u00a0Sala da Comiss\u00e3o de Licita\u00e7\u00f5es e Contratos no Predio da Prefeitura Municipal, com sede na Pra\u00e7a Cel. Francisco Mascarenhas, n\u00ba 76, centro, Inimutaba\/MG.<\/p>\n<p><strong>Status:<\/strong><span style=\"color: #000000;\">Finalizado<\/span><\/p>\n","protected":false},"excerpt":{"rendered":"<p class=\"unidade\">Unidade: Prefeitura Municipal de Inimutaba &#8211; MG<\/p>\n<p class=\"dt_habilitacao\">Data de abertura: 25\/08\/2025<\/p>\n<p class=\"dt_habilitacao\">Hor\u00e1rio de abertura: 13:00H<\/p>\n<p>A presente licita\u00e7\u00e3o tem por objeto a contrata\u00e7\u00e3o de empresa para execu\u00e7\u00e3o de pavimenta\u00e7\u00e3o de vias p\u00fablicas: Rua Maria da Concei\u00e7\u00e3o Alves, Rua Jose Pedro de Sales, Rua Jos\u00e9 Jacinto Nunes, Rua Salvador Correia da Silva, Rua Francisca Clementina, Rua Dr. Pacifico Martins, Rua 13 de Maio, Rua Cec\u00edlia Teodoro, na sede do munic\u00edpio de Inimutaba\/MG, conforme especificados no Anexo I \u2013 Termo de Refer\u00eancia\/ Especifica\u00e7\u00f5es do objeto, parte integrante do presente Edital.<\/p>\n<p><strong>Status: <\/strong><span style=\"color: #000000;\">Finalizado<\/span><\/p>\n","protected":false},"featured_media":0,"comment_status":"closed","ping_status":"closed","template":"","meta":[],"product_brand":[],"product_cat":[45],"product_tag":[],"class_list":{"0":"post-1692","1":"product","2":"type-product","3":"status-publish","5":"product_cat-concorrencia","6":"wcpa_has_options","8":"first","9":"instock","10":"shipping-taxable","11":"product-type-simple"},"_links":{"self":[{"href":"https:\/\/inimutaba.mg.gov.br\/licitacoes\/wp-json\/wp\/v2\/product\/1692","targetHints":{"allow":["GET"]}}],"collection":[{"href":"https:\/\/inimutaba.mg.gov.br\/licitacoes\/wp-json\/wp\/v2\/product"}],"about":[{"href":"https:\/\/inimutaba.mg.gov.br\/licitacoes\/wp-json\/wp\/v2\/types\/product"}],"replies":[{"embeddable":true,"href":"https:\/\/inimutaba.mg.gov.br\/licitacoes\/wp-json\/wp\/v2\/comments?post=1692"}],"version-history":[{"count":3,"href":"https:\/\/inimutaba.mg.gov.br\/licitacoes\/wp-json\/wp\/v2\/product\/1692\/revisions"}],"predecessor-version":[{"id":1757,"href":"https:\/\/inimutaba.mg.gov.br\/licitacoes\/wp-json\/wp\/v2\/product\/1692\/revisions\/1757"}],"wp:attachment":[{"href":"https:\/\/inimutaba.mg.gov.br\/licitacoes\/wp-json\/wp\/v2\/media?parent=1692"}],"wp:term":[{"taxonomy":"product_brand","embeddable":true,"href":"https:\/\/inimutaba.mg.gov.br\/licitacoes\/wp-json\/wp\/v2\/product_brand?post=1692"},{"taxonomy":"product_cat","embeddable":true,"href":"https:\/\/inimutaba.mg.gov.br\/licitacoes\/wp-json\/wp\/v2\/product_cat?post=1692"},{"taxonomy":"product_tag","embeddable":true,"href":"https:\/\/inimutaba.mg.gov.br\/licitacoes\/wp-json\/wp\/v2\/product_tag?post=1692"}],"curies":[{"name":"wp","href":"https:\/\/api.w.org\/{rel}","templated":true}]}}