{"id":1739,"date":"2025-10-07T14:05:56","date_gmt":"2025-10-07T17:05:56","guid":{"rendered":"https:\/\/inimutaba.mg.gov.br\/licitacoes\/?post_type=product&#038;p=1739"},"modified":"2025-10-22T13:18:15","modified_gmt":"2025-10-22T16:18:15","slug":"con-046-2025","status":"publish","type":"product","link":"https:\/\/inimutaba.mg.gov.br\/licitacoes\/processo\/con-046-2025\/","title":{"rendered":"CON &#8211; 046\/2025"},"content":{"rendered":"<p><strong>N\u00famero da licita\u00e7\u00e3o: 046\/2025<\/strong><\/p>\n<p><strong>N\u00famero do processo administrativo:<\/strong> 046<\/p>\n<p><strong>Modalidade da licita\u00e7\u00e3o:<\/strong> CONCORR\u00caNCIA PRESENCIAL<\/p>\n<p><strong>Fundamenta\u00e7\u00e3o legal:<\/strong>\u00a0Nova Lei de Licita\u00e7\u00f5es Lei 14.133\/2021<\/p>\n<p><strong>Objeto:<\/strong> A presente licita\u00e7\u00e3o tem por objeto a contrata\u00e7\u00e3o de empresa para execu\u00e7\u00e3o de obra de pavimenta\u00e7\u00e3o asf\u00e1ltica em TSD de vias p\u00fablicas do bairro Jardim S\u00e3o Geraldo (Rua Argentina, Rua Bol\u00edvia; Rua Canad\u00e1; Rua Chile; Rua Costa Rica e Rua Uruguai), conforme especificados no Anexo I \u2013 Termo de Refer\u00eancia\/ Especifica\u00e7\u00f5es do objeto, parte integrante do presente Edital.<\/p>\n<p><strong>Unidade solicitante:<\/strong>\u00a0PREFEITURA MUNICIPAL DE INIMUTABA\/MG<\/p>\n<p><strong>Data de publica\u00e7\u00e3o:<\/strong> 07\/10\/2025<\/p>\n<p><strong>Data de abertura:<\/strong> 22\/10\/2025<\/p>\n<p><strong>Hor\u00e1rio de abertura:<\/strong> 12:30 HORAS<\/p>\n<p><strong>Local da Sess\u00e3o Publica:<\/strong>\u00a0Sala da Comiss\u00e3o de Licita\u00e7\u00f5es e Contratos no Predio da Prefeitura Municipal, com sede na Pra\u00e7a Cel. Francisco Mascarenhas, n\u00ba 76, centro, Inimutaba\/MG.<\/p>\n<p><strong>Status: <\/strong><span style=\"color: #000000;\">Em andamento<\/span><\/p>\n","protected":false},"excerpt":{"rendered":"<p class=\"unidade\">Unidade: Prefeitura Municipal de Inimutaba &#8211; MG<\/p>\n<p class=\"dt_habilitacao\">Data de abertura: 22\/10\/2025<\/p>\n<p class=\"dt_habilitacao\">Hor\u00e1rio de abertura: 12:30H<\/p>\n<p>A presente licita\u00e7\u00e3o tem por objeto a contrata\u00e7\u00e3o de empresa para execu\u00e7\u00e3o de obra de pavimenta\u00e7\u00e3o asf\u00e1ltica em TSD de vias p\u00fablicas do bairro Jardim S\u00e3o Geraldo (Rua Argentina, Rua Bol\u00edvia; Rua Canad\u00e1; Rua Chile; Rua Costa Rica e Rua Uruguai), conforme especificados no Anexo I \u2013 Termo de Refer\u00eancia\/ Especifica\u00e7\u00f5es do objeto, parte integrante do presente Edital.<\/p>\n<p><strong>Status: <\/strong><span style=\"color: #000000;\">Em andamento<\/span><\/p>\n","protected":false},"featured_media":0,"comment_status":"closed","ping_status":"closed","template":"","meta":[],"product_brand":[],"product_cat":[45],"product_tag":[],"class_list":{"0":"post-1739","1":"product","2":"type-product","3":"status-publish","5":"product_cat-concorrencia","6":"wcpa_has_options","8":"first","9":"instock","10":"shipping-taxable","11":"product-type-simple"},"_links":{"self":[{"href":"https:\/\/inimutaba.mg.gov.br\/licitacoes\/wp-json\/wp\/v2\/product\/1739","targetHints":{"allow":["GET"]}}],"collection":[{"href":"https:\/\/inimutaba.mg.gov.br\/licitacoes\/wp-json\/wp\/v2\/product"}],"about":[{"href":"https:\/\/inimutaba.mg.gov.br\/licitacoes\/wp-json\/wp\/v2\/types\/product"}],"replies":[{"embeddable":true,"href":"https:\/\/inimutaba.mg.gov.br\/licitacoes\/wp-json\/wp\/v2\/comments?post=1739"}],"version-history":[{"count":1,"href":"https:\/\/inimutaba.mg.gov.br\/licitacoes\/wp-json\/wp\/v2\/product\/1739\/revisions"}],"predecessor-version":[{"id":1750,"href":"https:\/\/inimutaba.mg.gov.br\/licitacoes\/wp-json\/wp\/v2\/product\/1739\/revisions\/1750"}],"wp:attachment":[{"href":"https:\/\/inimutaba.mg.gov.br\/licitacoes\/wp-json\/wp\/v2\/media?parent=1739"}],"wp:term":[{"taxonomy":"product_brand","embeddable":true,"href":"https:\/\/inimutaba.mg.gov.br\/licitacoes\/wp-json\/wp\/v2\/product_brand?post=1739"},{"taxonomy":"product_cat","embeddable":true,"href":"https:\/\/inimutaba.mg.gov.br\/licitacoes\/wp-json\/wp\/v2\/product_cat?post=1739"},{"taxonomy":"product_tag","embeddable":true,"href":"https:\/\/inimutaba.mg.gov.br\/licitacoes\/wp-json\/wp\/v2\/product_tag?post=1739"}],"curies":[{"name":"wp","href":"https:\/\/api.w.org\/{rel}","templated":true}]}}