{"id":1811,"date":"2025-12-16T15:02:19","date_gmt":"2025-12-16T18:02:19","guid":{"rendered":"https:\/\/inimutaba.mg.gov.br\/licitacoes\/?post_type=product&#038;p=1811"},"modified":"2025-12-16T15:10:56","modified_gmt":"2025-12-16T18:10:56","slug":"con-051-2025","status":"publish","type":"product","link":"https:\/\/inimutaba.mg.gov.br\/licitacoes\/processo\/con-051-2025\/","title":{"rendered":"CON &#8211; 051\/2025"},"content":{"rendered":"<p><strong>N\u00famero da licita\u00e7\u00e3o: 051\/2025<\/strong><\/p>\n<p><strong>N\u00famero do processo administrativo:<\/strong> 051<\/p>\n<p><strong>Modalidade da licita\u00e7\u00e3o:<\/strong> CONCORR\u00caNCIA ELETR\u00d4NICA<\/p>\n<p><strong>Fundamenta\u00e7\u00e3o legal:<\/strong>\u00a0Nova Lei de Licita\u00e7\u00f5es Lei 14.133\/2021<\/p>\n<p><strong>Objeto:<\/strong> contrata\u00e7\u00e3o de empresa para constru\u00e7\u00e3o de cobertura met\u00e1lica de quadra poliesportiva no bairro Nossa Senhora das Gra\u00e7as e no Distrito de Gentil de Matos, no Munic\u00edpio de Inimutaba\/MG, em atendimento ao Contrato de Repasse n\u00ba 961877\/2024\/MESP\/CAIXA .<\/p>\n<p><strong>Unidade solicitante:<\/strong>\u00a0PREFEITURA MUNICIPAL DE INIMUTABA\/MG<\/p>\n<p><strong>Data de publica\u00e7\u00e3o:<\/strong> 16\/12\/2025<\/p>\n<p><strong>Data de abertura:<\/strong> 19\/01\/2026<\/p>\n<p><strong>Hor\u00e1rio de abertura:<\/strong> 08:00 HORAS<\/p>\n<p><strong>SITE PARA REALIZA\u00c7\u00c3O DA CONCORR\u00caNCIA:<\/strong> www.licitardigital.com.br<\/p>\n<p><strong>Status: <\/strong><span style=\"color: #000000;\">Em andamento<\/span><\/p>\n","protected":false},"excerpt":{"rendered":"<p class=\"unidade\">Unidade: Prefeitura Municipal de Inimutaba &#8211; MG<\/p>\n<p class=\"dt_habilitacao\">Data de abertura: 19\/01\/2026<\/p>\n<p class=\"dt_habilitacao\">Hor\u00e1rio de abertura: 08:00H<\/p>\n<p>contrata\u00e7\u00e3o de empresa para constru\u00e7\u00e3o de cobertura met\u00e1lica de quadra poliesportiva no bairro Nossa Senhora das Gra\u00e7as e no Distrito de Gentil de Matos, no Munic\u00edpio de Inimutaba\/MG, em atendimento ao Contrato de Repasse n\u00ba 961877\/2024\/MESP\/CAIXA .<\/p>\n<p><strong>Status: <\/strong><span style=\"color: #000000;\">Em andamento<\/span><\/p>\n","protected":false},"featured_media":0,"comment_status":"closed","ping_status":"closed","template":"","meta":[],"product_brand":[],"product_cat":[51],"product_tag":[],"class_list":{"0":"post-1811","1":"product","2":"type-product","3":"status-publish","5":"product_cat-concorrencia-eletronica","6":"wcpa_has_options","8":"first","9":"instock","10":"shipping-taxable","11":"product-type-simple"},"_links":{"self":[{"href":"https:\/\/inimutaba.mg.gov.br\/licitacoes\/wp-json\/wp\/v2\/product\/1811","targetHints":{"allow":["GET"]}}],"collection":[{"href":"https:\/\/inimutaba.mg.gov.br\/licitacoes\/wp-json\/wp\/v2\/product"}],"about":[{"href":"https:\/\/inimutaba.mg.gov.br\/licitacoes\/wp-json\/wp\/v2\/types\/product"}],"replies":[{"embeddable":true,"href":"https:\/\/inimutaba.mg.gov.br\/licitacoes\/wp-json\/wp\/v2\/comments?post=1811"}],"version-history":[{"count":1,"href":"https:\/\/inimutaba.mg.gov.br\/licitacoes\/wp-json\/wp\/v2\/product\/1811\/revisions"}],"predecessor-version":[{"id":1826,"href":"https:\/\/inimutaba.mg.gov.br\/licitacoes\/wp-json\/wp\/v2\/product\/1811\/revisions\/1826"}],"wp:attachment":[{"href":"https:\/\/inimutaba.mg.gov.br\/licitacoes\/wp-json\/wp\/v2\/media?parent=1811"}],"wp:term":[{"taxonomy":"product_brand","embeddable":true,"href":"https:\/\/inimutaba.mg.gov.br\/licitacoes\/wp-json\/wp\/v2\/product_brand?post=1811"},{"taxonomy":"product_cat","embeddable":true,"href":"https:\/\/inimutaba.mg.gov.br\/licitacoes\/wp-json\/wp\/v2\/product_cat?post=1811"},{"taxonomy":"product_tag","embeddable":true,"href":"https:\/\/inimutaba.mg.gov.br\/licitacoes\/wp-json\/wp\/v2\/product_tag?post=1811"}],"curies":[{"name":"wp","href":"https:\/\/api.w.org\/{rel}","templated":true}]}}