{"id":1844,"date":"2025-12-16T10:06:01","date_gmt":"2025-12-16T13:06:01","guid":{"rendered":"https:\/\/inimutaba.mg.gov.br\/licitacoes\/?post_type=product&#038;p=1844"},"modified":"2025-12-23T10:14:52","modified_gmt":"2025-12-23T13:14:52","slug":"dp-049-2025","status":"publish","type":"product","link":"https:\/\/inimutaba.mg.gov.br\/licitacoes\/processo\/dp-049-2025\/","title":{"rendered":"DP &#8211; 049\/2025"},"content":{"rendered":"<p><strong>N\u00famero da licita\u00e7\u00e3o: 049\/2025<\/strong><\/p>\n<p><strong>N\u00famero do processo administrativo:<\/strong> 049<\/p>\n<p><strong>Modalidade da licita\u00e7\u00e3o:<\/strong> DISPENSA PRESENCIAL<\/p>\n<p><strong>Fundamenta\u00e7\u00e3o legal:<\/strong> Nova Lei de Licita\u00e7\u00f5es Lei 14.133\/2021<\/p>\n<p><strong>Objeto:<\/strong> Contrata\u00e7\u00e3o de empresa para presta\u00e7\u00e3o de servi\u00e7os de consultoria pol\u00edtico legislativa, com foco na articula\u00e7\u00e3o institucional, acompanhamento institucional, acompanhamento de pautas legislativas e executivas e interesse do Munic\u00edpio, incluindo programas e editais, ou seja:<br \/>\n1.monitoramento da tramita\u00e7\u00e3o das demandas do munic\u00edpio junto \u00e0 administra\u00e7\u00e3o federal (direta e indireta);<br \/>\n2. articula\u00e7\u00e3o pol\u00edtica junto a parlamentares visando a efetividade da viabiliza\u00e7\u00e3o de emendas parlamentares;<br \/>\n3. agendamentos e apoio log\u00edstico e presencial ao chefe do poder executivo e secretariado em agendas na capital federal;<br \/>\n4. monitoramento e confer\u00eancia dos di\u00e1rios oficiais dos \u00f3rg\u00e3os vinculados ao Poder Executivo e Legislativo da Uni\u00e3o.<\/p>\n<p><strong>Unidade solicitante:<\/strong> PREFEITURA MUNICIPAL DE INIMUTABA\/MG<\/p>\n<p><strong>Data de publica\u00e7\u00e3o:<\/strong> 16\/12\/2025<\/p>\n<p><strong>Data de abertura:<\/strong> 19\/12\/2025<\/p>\n<p><strong>Hor\u00e1rio de abertura:<\/strong> 09:00 HORAS<\/p>\n<p><strong>Local da Sess\u00e3o Publica:<\/strong> Sala da Comiss\u00e3o de Licita\u00e7\u00f5es e Contratos no Predio da Prefeitura Municipal, com sede na Pra\u00e7a Cel. Francisco Mascarenhas, n\u00ba 76, centro, Inimutaba\/MG.<\/p>\n<p><strong>Status:<\/strong> Finalizado<\/p>\n","protected":false},"excerpt":{"rendered":"<p class=\"unidade\">Unidade: Prefeitura Municipal de Inimutaba &#8211; MG<\/p>\n<p class=\"dt_habilitacao\">Data de abertura: 19\/12\/2025<\/p>\n<p class=\"dt_habilitacao\">Hor\u00e1rio de abertura: 09:00H<\/p>\n<p>Contrata\u00e7\u00e3o de empresa para presta\u00e7\u00e3o de servi\u00e7os de consultoria pol\u00edtico legislativa, com foco na articula\u00e7\u00e3o institucional, acompanhamento institucional, acompanhamento de pautas legislativas e executivas e interesse do Munic\u00edpio, incluindo programas e editais, ou seja:<br \/>\n1.monitoramento da tramita\u00e7\u00e3o das demandas do munic\u00edpio junto \u00e0 administra\u00e7\u00e3o federal (direta e indireta);<br \/>\n2. articula\u00e7\u00e3o pol\u00edtica junto a parlamentares visando a efetividade da viabiliza\u00e7\u00e3o de emendas parlamentares;<br \/>\n3. agendamentos e apoio log\u00edstico e presencial ao chefe do poder executivo e secretariado em agendas na capital federal;<br \/>\n4. monitoramento e confer\u00eancia dos di\u00e1rios oficiais dos \u00f3rg\u00e3os vinculados ao Poder Executivo e Legislativo da Uni\u00e3o.<\/p>\n<p><strong>Status: <\/strong>Finalizada<\/p>\n","protected":false},"featured_media":0,"comment_status":"closed","ping_status":"closed","template":"","meta":[],"product_brand":[],"product_cat":[46],"product_tag":[],"class_list":{"0":"post-1844","1":"product","2":"type-product","3":"status-publish","5":"product_cat-dispensa-presencial","6":"wcpa_has_options","8":"first","9":"instock","10":"shipping-taxable","11":"product-type-simple"},"_links":{"self":[{"href":"https:\/\/inimutaba.mg.gov.br\/licitacoes\/wp-json\/wp\/v2\/product\/1844","targetHints":{"allow":["GET"]}}],"collection":[{"href":"https:\/\/inimutaba.mg.gov.br\/licitacoes\/wp-json\/wp\/v2\/product"}],"about":[{"href":"https:\/\/inimutaba.mg.gov.br\/licitacoes\/wp-json\/wp\/v2\/types\/product"}],"replies":[{"embeddable":true,"href":"https:\/\/inimutaba.mg.gov.br\/licitacoes\/wp-json\/wp\/v2\/comments?post=1844"}],"version-history":[{"count":1,"href":"https:\/\/inimutaba.mg.gov.br\/licitacoes\/wp-json\/wp\/v2\/product\/1844\/revisions"}],"predecessor-version":[{"id":1849,"href":"https:\/\/inimutaba.mg.gov.br\/licitacoes\/wp-json\/wp\/v2\/product\/1844\/revisions\/1849"}],"wp:attachment":[{"href":"https:\/\/inimutaba.mg.gov.br\/licitacoes\/wp-json\/wp\/v2\/media?parent=1844"}],"wp:term":[{"taxonomy":"product_brand","embeddable":true,"href":"https:\/\/inimutaba.mg.gov.br\/licitacoes\/wp-json\/wp\/v2\/product_brand?post=1844"},{"taxonomy":"product_cat","embeddable":true,"href":"https:\/\/inimutaba.mg.gov.br\/licitacoes\/wp-json\/wp\/v2\/product_cat?post=1844"},{"taxonomy":"product_tag","embeddable":true,"href":"https:\/\/inimutaba.mg.gov.br\/licitacoes\/wp-json\/wp\/v2\/product_tag?post=1844"}],"curies":[{"name":"wp","href":"https:\/\/api.w.org\/{rel}","templated":true}]}}