{"id":1852,"date":"2026-02-09T17:01:15","date_gmt":"2026-02-09T20:01:15","guid":{"rendered":"https:\/\/inimutaba.mg.gov.br\/licitacoes\/?post_type=product&#038;p=1852"},"modified":"2026-02-26T17:44:47","modified_gmt":"2026-02-26T20:44:47","slug":"pp-056-2025","status":"publish","type":"product","link":"https:\/\/inimutaba.mg.gov.br\/licitacoes\/processo\/pp-056-2025\/","title":{"rendered":"PP &#8211; 056\/2025"},"content":{"rendered":"<p><strong>N\u00famero da licita\u00e7\u00e3o: 056\/2025<\/strong><\/p>\n<p><strong>N\u00famero do processo administrativo:<\/strong> 056<\/p>\n<p><strong>Modalidade da licita\u00e7\u00e3o:<\/strong> PREG\u00c3O PRESENCIAL<\/p>\n<p><strong>Fundamenta\u00e7\u00e3o legal:<\/strong>\u00a0Nova Lei de Licita\u00e7\u00f5es Lei 14.133\/2021<\/p>\n<p><strong>Objeto:<\/strong> A presente licita\u00e7\u00e3o tem por objeto a presta\u00e7\u00e3o de servi\u00e7os de montagem de implementos, soldas e torneamento mec\u00e2nico da frota municipal, conforme especificados no Anexo I \u2013 Termo de Refer\u00eancia\/Especifica\u00e7\u00f5es do objeto, parte integrante do presente Edital. Justifica-se a contrata\u00e7\u00e3o, pelo motivo do Munic\u00edpio n\u00e3o dispor de corpo t\u00e9cnico suficiente para a realiza\u00e7\u00e3o do empreendimento por execu\u00e7\u00e3o direta, ser\u00e1 necess\u00e1ria a contrata\u00e7\u00e3o de uma empresa especializada para realiza\u00e7\u00e3o dos servi\u00e7os, raz\u00e3o pela qual se prop\u00f5e a presente proposta de contrata\u00e7\u00e3o<\/p>\n<p><strong>Unidade solicitante:<\/strong>\u00a0PREFEITURA MUNICIPAL DE INIMUTABA\/MG<\/p>\n<p><strong>Data de publica\u00e7\u00e3o:<\/strong> 09\/02\/2026<\/p>\n<p><strong>Data de abertura:<\/strong> 26\/02\/2026<\/p>\n<p><strong>Hor\u00e1rio de abertura:<\/strong> 09:00 HORAS<\/p>\n<p><strong>Local da Sess\u00e3o Publica:<\/strong>\u00a0Sala da Comiss\u00e3o de Licita\u00e7\u00f5es e Contratos no Predio da Prefeitura Municipal, com sede na Pra\u00e7a Cel. Francisco Mascarenhas, n\u00ba 76, centro, Inimutaba\/MG.<\/p>\n<p><strong>Status: <\/strong><span style=\"color: #ff0000;\">Fracassado<\/span><\/p>\n","protected":false},"excerpt":{"rendered":"<p class=\"unidade\">Unidade: Prefeitura Municipal de Inimutaba &#8211; MG<\/p>\n<p class=\"dt_habilitacao\">Data de abertura: 26\/02\/2026<\/p>\n<p class=\"dt_habilitacao\">Hor\u00e1rio de abertura: 09:00H<\/p>\n<p>A presente licita\u00e7\u00e3o tem por objeto a presta\u00e7\u00e3o de servi\u00e7os de montagem de implementos, soldas e torneamento mec\u00e2nico da frota municipal, conforme especificados no Anexo I \u2013 Termo de Refer\u00eancia\/Especifica\u00e7\u00f5es do objeto, parte integrante do presente Edital. Justifica-se a contrata\u00e7\u00e3o, pelo motivo do Munic\u00edpio n\u00e3o dispor de corpo t\u00e9cnico suficiente para a realiza\u00e7\u00e3o do empreendimento por execu\u00e7\u00e3o direta, ser\u00e1 necess\u00e1ria a contrata\u00e7\u00e3o de uma empresa especializada para realiza\u00e7\u00e3o dos servi\u00e7os, raz\u00e3o pela qual se prop\u00f5e a presente proposta de contrata\u00e7\u00e3o<\/p>\n<p><strong>Status:<\/strong><span style=\"color: #ff0000;\"> Fracassado<\/span><\/p>\n","protected":false},"featured_media":0,"comment_status":"closed","ping_status":"closed","template":"","meta":[],"product_brand":[],"product_cat":[48],"product_tag":[],"class_list":{"0":"post-1852","1":"product","2":"type-product","3":"status-publish","5":"product_cat-pregao-presencial","6":"wcpa_has_options","8":"first","9":"instock","10":"shipping-taxable","11":"product-type-simple"},"_links":{"self":[{"href":"https:\/\/inimutaba.mg.gov.br\/licitacoes\/wp-json\/wp\/v2\/product\/1852","targetHints":{"allow":["GET"]}}],"collection":[{"href":"https:\/\/inimutaba.mg.gov.br\/licitacoes\/wp-json\/wp\/v2\/product"}],"about":[{"href":"https:\/\/inimutaba.mg.gov.br\/licitacoes\/wp-json\/wp\/v2\/types\/product"}],"replies":[{"embeddable":true,"href":"https:\/\/inimutaba.mg.gov.br\/licitacoes\/wp-json\/wp\/v2\/comments?post=1852"}],"version-history":[{"count":3,"href":"https:\/\/inimutaba.mg.gov.br\/licitacoes\/wp-json\/wp\/v2\/product\/1852\/revisions"}],"predecessor-version":[{"id":1869,"href":"https:\/\/inimutaba.mg.gov.br\/licitacoes\/wp-json\/wp\/v2\/product\/1852\/revisions\/1869"}],"wp:attachment":[{"href":"https:\/\/inimutaba.mg.gov.br\/licitacoes\/wp-json\/wp\/v2\/media?parent=1852"}],"wp:term":[{"taxonomy":"product_brand","embeddable":true,"href":"https:\/\/inimutaba.mg.gov.br\/licitacoes\/wp-json\/wp\/v2\/product_brand?post=1852"},{"taxonomy":"product_cat","embeddable":true,"href":"https:\/\/inimutaba.mg.gov.br\/licitacoes\/wp-json\/wp\/v2\/product_cat?post=1852"},{"taxonomy":"product_tag","embeddable":true,"href":"https:\/\/inimutaba.mg.gov.br\/licitacoes\/wp-json\/wp\/v2\/product_tag?post=1852"}],"curies":[{"name":"wp","href":"https:\/\/api.w.org\/{rel}","templated":true}]}}