{"id":1856,"date":"2026-01-06T09:22:25","date_gmt":"2026-01-06T12:22:25","guid":{"rendered":"https:\/\/inimutaba.mg.gov.br\/licitacoes\/?post_type=product&#038;p=1856"},"modified":"2026-02-20T09:26:13","modified_gmt":"2026-02-20T12:26:13","slug":"inex-002-2026","status":"publish","type":"product","link":"https:\/\/inimutaba.mg.gov.br\/licitacoes\/processo\/inex-002-2026\/","title":{"rendered":"INEX &#8211; 002\/2026"},"content":{"rendered":"<p><strong>N\u00famero da licita\u00e7\u00e3o: 002\/2026<\/strong><\/p>\n<p><strong>N\u00famero do processo administrativo:<\/strong> 002<\/p>\n<p><strong>Modalidade da licita\u00e7\u00e3o:<\/strong> INEXIGIBILIDADE<\/p>\n<p><strong>Fundamenta\u00e7\u00e3o legal:<\/strong> Nova Lei de Licita\u00e7\u00f5es Lei 14.133\/2021<\/p>\n<p><strong>Objeto:<\/strong> Contrata\u00e7\u00e3o de servi\u00e7os t\u00e9cnicos de engenharia, nas \u00e1reas de consultoria\/assessoria, supervis\u00e3o, projetos e fiscaliza\u00e7\u00e3o\/gerenciamento de obras para atendimento \u00e0s Secretarias Municipais de Inimutaba<\/p>\n<p><strong>Unidade solicitante:<\/strong> PREFEITURA MUNICIPAL DE INIMUTABA\/MG<\/p>\n<p><strong>Data de publica\u00e7\u00e3o:<\/strong> 06\/01\/2026<\/p>\n<p><strong>Local da Sess\u00e3o Publica:<\/strong> Sala da Comiss\u00e3o de Licita\u00e7\u00f5es e Contratos no Predio da Prefeitura Municipal, com sede na Pra\u00e7a Cel. Francisco Mascarenhas, n\u00ba 76, centro, Inimutaba\/MG.<\/p>\n<p><strong>Status:<\/strong>\u00a0 Finalizado<\/p>\n","protected":false},"excerpt":{"rendered":"<p class=\"unidade\">Unidade: Prefeitura Municipal de Inimutaba &#8211; MG<\/p>\n<p>Contrata\u00e7\u00e3o de servi\u00e7os t\u00e9cnicos de engenharia, nas \u00e1reas de consultoria\/assessoria, supervis\u00e3o, projetos e fiscaliza\u00e7\u00e3o\/gerenciamento de obras para atendimento \u00e0s Secretarias Municipais de Inimutaba<\/p>\n<p><strong>Status: <\/strong>Finalizado<\/p>\n","protected":false},"featured_media":0,"comment_status":"closed","ping_status":"closed","template":"","meta":[],"product_brand":[],"product_cat":[40],"product_tag":[],"class_list":{"0":"post-1856","1":"product","2":"type-product","3":"status-publish","5":"product_cat-inexigibilidade","6":"wcpa_has_options","8":"first","9":"instock","10":"shipping-taxable","11":"product-type-simple"},"_links":{"self":[{"href":"https:\/\/inimutaba.mg.gov.br\/licitacoes\/wp-json\/wp\/v2\/product\/1856","targetHints":{"allow":["GET"]}}],"collection":[{"href":"https:\/\/inimutaba.mg.gov.br\/licitacoes\/wp-json\/wp\/v2\/product"}],"about":[{"href":"https:\/\/inimutaba.mg.gov.br\/licitacoes\/wp-json\/wp\/v2\/types\/product"}],"replies":[{"embeddable":true,"href":"https:\/\/inimutaba.mg.gov.br\/licitacoes\/wp-json\/wp\/v2\/comments?post=1856"}],"version-history":[{"count":1,"href":"https:\/\/inimutaba.mg.gov.br\/licitacoes\/wp-json\/wp\/v2\/product\/1856\/revisions"}],"predecessor-version":[{"id":1859,"href":"https:\/\/inimutaba.mg.gov.br\/licitacoes\/wp-json\/wp\/v2\/product\/1856\/revisions\/1859"}],"wp:attachment":[{"href":"https:\/\/inimutaba.mg.gov.br\/licitacoes\/wp-json\/wp\/v2\/media?parent=1856"}],"wp:term":[{"taxonomy":"product_brand","embeddable":true,"href":"https:\/\/inimutaba.mg.gov.br\/licitacoes\/wp-json\/wp\/v2\/product_brand?post=1856"},{"taxonomy":"product_cat","embeddable":true,"href":"https:\/\/inimutaba.mg.gov.br\/licitacoes\/wp-json\/wp\/v2\/product_cat?post=1856"},{"taxonomy":"product_tag","embeddable":true,"href":"https:\/\/inimutaba.mg.gov.br\/licitacoes\/wp-json\/wp\/v2\/product_tag?post=1856"}],"curies":[{"name":"wp","href":"https:\/\/api.w.org\/{rel}","templated":true}]}}