{"id":1879,"date":"2026-02-23T09:06:15","date_gmt":"2026-02-23T12:06:15","guid":{"rendered":"https:\/\/inimutaba.mg.gov.br\/licitacoes\/?post_type=product&#038;p=1879"},"modified":"2026-03-18T08:47:36","modified_gmt":"2026-03-18T11:47:36","slug":"inex-004-2026-2","status":"publish","type":"product","link":"https:\/\/inimutaba.mg.gov.br\/licitacoes\/processo\/inex-004-2026-2\/","title":{"rendered":"INEX &#8211; 004\/2026"},"content":{"rendered":"<p><strong>N\u00famero da licita\u00e7\u00e3o: 004\/2026<\/strong><\/p>\n<p><strong>N\u00famero do processo administrativo:<\/strong> 006<\/p>\n<p><strong>Modalidade da licita\u00e7\u00e3o:<\/strong> INEXIGIBILIDADE<\/p>\n<p><strong>Fundamenta\u00e7\u00e3o legal:<\/strong> Nova Lei de Licita\u00e7\u00f5es Lei 14.133\/2021<\/p>\n<p><strong>Objeto:<\/strong> Contrata\u00e7\u00e3o de licen\u00e7as de uso para estudantes e professores na Plataforma Start By Alura, solu\u00e7\u00e3o educacional digital voltada \u00e0 implementa\u00e7\u00e3o do componente curricular computa\u00e7\u00e3o na Educa\u00e7\u00e3o B\u00e1sica, conforme diretrizes da BNCC Computa\u00e7\u00e3o (2022), em atendimento a Secretaria Municipal de Educa\u00e7\u00e3o.<\/p>\n<p><strong>Unidade solicitante:<\/strong> PREFEITURA MUNICIPAL DE INIMUTABA\/MG<\/p>\n<p><strong>Data de publica\u00e7\u00e3o:<\/strong> 23\/02\/2026<\/p>\n<p><strong>Local da Sess\u00e3o Publica:<\/strong> Sala da Comiss\u00e3o de Licita\u00e7\u00f5es e Contratos no Predio da Prefeitura Municipal, com sede na Pra\u00e7a Cel. Francisco Mascarenhas, n\u00ba 76, centro, Inimutaba\/MG.<\/p>\n<p><strong>Status:<\/strong>\u00a0 Finalizado<\/p>\n","protected":false},"excerpt":{"rendered":"<p class=\"unidade\">Unidade: Prefeitura Municipal de Inimutaba &#8211; MG<\/p>\n<p>Contrata\u00e7\u00e3o de licen\u00e7as de uso para estudantes e professores na Plataforma Start By Alura, solu\u00e7\u00e3o educacional digital voltada \u00e0 implementa\u00e7\u00e3o do componente curricular computa\u00e7\u00e3o na Educa\u00e7\u00e3o B\u00e1sica, conforme diretrizes da BNCC Computa\u00e7\u00e3o (2022), em atendimento a Secretaria Municipal de Educa\u00e7\u00e3o.<\/p>\n<p><strong>Status: <\/strong>Finalizado<\/p>\n","protected":false},"featured_media":0,"comment_status":"closed","ping_status":"closed","template":"","meta":[],"product_brand":[],"product_cat":[40],"product_tag":[],"class_list":{"0":"post-1879","1":"product","2":"type-product","3":"status-publish","5":"product_cat-inexigibilidade","6":"wcpa_has_options","8":"first","9":"instock","10":"shipping-taxable","11":"product-type-simple"},"_links":{"self":[{"href":"https:\/\/inimutaba.mg.gov.br\/licitacoes\/wp-json\/wp\/v2\/product\/1879","targetHints":{"allow":["GET"]}}],"collection":[{"href":"https:\/\/inimutaba.mg.gov.br\/licitacoes\/wp-json\/wp\/v2\/product"}],"about":[{"href":"https:\/\/inimutaba.mg.gov.br\/licitacoes\/wp-json\/wp\/v2\/types\/product"}],"replies":[{"embeddable":true,"href":"https:\/\/inimutaba.mg.gov.br\/licitacoes\/wp-json\/wp\/v2\/comments?post=1879"}],"version-history":[{"count":2,"href":"https:\/\/inimutaba.mg.gov.br\/licitacoes\/wp-json\/wp\/v2\/product\/1879\/revisions"}],"predecessor-version":[{"id":1943,"href":"https:\/\/inimutaba.mg.gov.br\/licitacoes\/wp-json\/wp\/v2\/product\/1879\/revisions\/1943"}],"wp:attachment":[{"href":"https:\/\/inimutaba.mg.gov.br\/licitacoes\/wp-json\/wp\/v2\/media?parent=1879"}],"wp:term":[{"taxonomy":"product_brand","embeddable":true,"href":"https:\/\/inimutaba.mg.gov.br\/licitacoes\/wp-json\/wp\/v2\/product_brand?post=1879"},{"taxonomy":"product_cat","embeddable":true,"href":"https:\/\/inimutaba.mg.gov.br\/licitacoes\/wp-json\/wp\/v2\/product_cat?post=1879"},{"taxonomy":"product_tag","embeddable":true,"href":"https:\/\/inimutaba.mg.gov.br\/licitacoes\/wp-json\/wp\/v2\/product_tag?post=1879"}],"curies":[{"name":"wp","href":"https:\/\/api.w.org\/{rel}","templated":true}]}}