{"id":1887,"date":"2026-03-10T11:22:03","date_gmt":"2026-03-10T14:22:03","guid":{"rendered":"https:\/\/inimutaba.mg.gov.br\/licitacoes\/?post_type=product&#038;p=1887"},"modified":"2026-03-10T11:28:22","modified_gmt":"2026-03-10T14:28:22","slug":"cp-001-2026","status":"publish","type":"product","link":"https:\/\/inimutaba.mg.gov.br\/licitacoes\/processo\/cp-001-2026\/","title":{"rendered":"CP &#8211; 001\/2026"},"content":{"rendered":"<p><strong>N\u00famero da licita\u00e7\u00e3o: 001\/2026<\/strong><\/p>\n<p><strong>N\u00famero do processo administrativo:<\/strong> 012<\/p>\n<p><strong>Modalidade da licita\u00e7\u00e3o:<\/strong> CREDENCIAMENTO<\/p>\n<p><strong>Objeto:<\/strong> Aquisi\u00e7\u00e3o de g\u00eaneros aliment\u00edcios atrav\u00e9s da Agricultura Familiar para alimenta\u00e7\u00e3o escolar no ano letivo de 2026, destinado \u00e0 complementa\u00e7\u00e3o do card\u00e1pio, em atendimento ao Programa Nacional de Alimenta\u00e7\u00e3o Escolar \u2013 PNAE\/FNDE e as demandas da Secretaria Municipal de Educa\u00e7\u00e3o de Inimutaba.<\/p>\n<p><strong>Unidade solicitante:<\/strong> PREFEITURA MUNICIPAL DE INIMUTABA\/MG<\/p>\n<p><strong>Data de publica\u00e7\u00e3o:<\/strong> 10\/03\/2026<\/p>\n<p><strong>An\u00e1lise dos documentos a partir de:<\/strong> 30\/03\/2026<\/p>\n<p><strong>Hor\u00e1rio de abertura:<\/strong> 09:00 HORAS<\/p>\n<p><strong>Local do recebimento dos envelopes de habilita\u00e7\u00e3o e de projetos de venda: <\/strong>Sala da Comiss\u00e3o de Licita\u00e7\u00f5es e Contratos no Predio da Prefeitura Municipal, com sede na Pra\u00e7a Cel. Francisco Mascarenhas, n\u00ba 76, centro, Inimutaba\/MG ou por meio eletr\u00f4nico conforme <strong>E-MAIL: licitacaoinimutaba@yahoo.com.br<\/strong><\/p>\n<p><strong>LEGISLA\u00c7\u00c3O APLIC\u00c1VEL:<\/strong> Lei n\u00b0 11.947\/2009; Lei n\u00b0 14.660\/2023; Resolu\u00e7\u00e3o FNDE n\u00b0 06, de 08.05.2020; Resolu\u00e7\u00e3o FNDE n\u00b0 21, de 16.11.2021 e, subsidiariamente, a Lei n\u00b0 14.133\/2021 e suas altera\u00e7\u00f5es.<\/p>\n<p><strong>Status:<\/strong>\u00a0 Em andamento<\/p>\n","protected":false},"excerpt":{"rendered":"<p class=\"unidade\">Unidade: Prefeitura Municipal de Inimutaba &#8211; MG<\/p>\n<p class=\"dt_habilitacao\">Data de abertura: 30\/03\/2026<\/p>\n<p class=\"dt_habilitacao\">Hor\u00e1rio de abertura: 09:00H<\/p>\n<p>Aquisi\u00e7\u00e3o de g\u00eaneros aliment\u00edcios atrav\u00e9s da Agricultura Familiar para alimenta\u00e7\u00e3o escolar no ano letivo de 2026, destinado \u00e0 complementa\u00e7\u00e3o do card\u00e1pio, em atendimento ao Programa Nacional de Alimenta\u00e7\u00e3o Escolar \u2013 PNAE\/FNDE e as demandas da Secretaria Municipal de Educa\u00e7\u00e3o de Inimutaba.<\/p>\n<p><strong>Status: <\/strong>Em andamento<\/p>\n","protected":false},"featured_media":0,"comment_status":"closed","ping_status":"closed","template":"","meta":[],"product_brand":[],"product_cat":[47],"product_tag":[],"class_list":{"0":"post-1887","1":"product","2":"type-product","3":"status-publish","5":"product_cat-credenciamento","6":"wcpa_has_options","8":"first","9":"instock","10":"shipping-taxable","11":"product-type-simple"},"_links":{"self":[{"href":"https:\/\/inimutaba.mg.gov.br\/licitacoes\/wp-json\/wp\/v2\/product\/1887","targetHints":{"allow":["GET"]}}],"collection":[{"href":"https:\/\/inimutaba.mg.gov.br\/licitacoes\/wp-json\/wp\/v2\/product"}],"about":[{"href":"https:\/\/inimutaba.mg.gov.br\/licitacoes\/wp-json\/wp\/v2\/types\/product"}],"replies":[{"embeddable":true,"href":"https:\/\/inimutaba.mg.gov.br\/licitacoes\/wp-json\/wp\/v2\/comments?post=1887"}],"version-history":[{"count":1,"href":"https:\/\/inimutaba.mg.gov.br\/licitacoes\/wp-json\/wp\/v2\/product\/1887\/revisions"}],"predecessor-version":[{"id":1889,"href":"https:\/\/inimutaba.mg.gov.br\/licitacoes\/wp-json\/wp\/v2\/product\/1887\/revisions\/1889"}],"wp:attachment":[{"href":"https:\/\/inimutaba.mg.gov.br\/licitacoes\/wp-json\/wp\/v2\/media?parent=1887"}],"wp:term":[{"taxonomy":"product_brand","embeddable":true,"href":"https:\/\/inimutaba.mg.gov.br\/licitacoes\/wp-json\/wp\/v2\/product_brand?post=1887"},{"taxonomy":"product_cat","embeddable":true,"href":"https:\/\/inimutaba.mg.gov.br\/licitacoes\/wp-json\/wp\/v2\/product_cat?post=1887"},{"taxonomy":"product_tag","embeddable":true,"href":"https:\/\/inimutaba.mg.gov.br\/licitacoes\/wp-json\/wp\/v2\/product_tag?post=1887"}],"curies":[{"name":"wp","href":"https:\/\/api.w.org\/{rel}","templated":true}]}}