{"id":1945,"date":"2026-01-07T10:24:09","date_gmt":"2026-01-07T13:24:09","guid":{"rendered":"https:\/\/inimutaba.mg.gov.br\/licitacoes\/?post_type=product&#038;p=1945"},"modified":"2026-03-18T10:28:39","modified_gmt":"2026-03-18T13:28:39","slug":"dp-001-2026","status":"publish","type":"product","link":"https:\/\/inimutaba.mg.gov.br\/licitacoes\/processo\/dp-001-2026\/","title":{"rendered":"DP &#8211; 001\/2026"},"content":{"rendered":"<p><strong>N\u00famero da licita\u00e7\u00e3o: 001\/2026<\/strong><\/p>\n<p><strong>N\u00famero do processo administrativo:<\/strong> 001<\/p>\n<p><strong>Modalidade da licita\u00e7\u00e3o:<\/strong> DISPENSA PRESENCIAL<\/p>\n<p><strong>Fundamenta\u00e7\u00e3o legal:<\/strong> Nova Lei de Licita\u00e7\u00f5es Lei 14.133\/2021<\/p>\n<p><strong>Objeto:<\/strong> Contrata\u00e7\u00e3o de empresa para presta\u00e7\u00e3o de servi\u00e7os de assessoria e consultoria em comunica\u00e7\u00e3o social e visual para produ\u00e7\u00f5es de textos, fotografias, produ\u00e7\u00e3o e edi\u00e7\u00e3o de v\u00eddeos e gerenciamento de redes sociais, bem como servi\u00e7os de hospedagem de manuten\u00e7\u00e3o de web site e e-mails oficiais da Prefeitura Municipal em atendimento \u00e0 Secretaria Municipal de Administra\u00e7\u00e3o.<\/p>\n<p><strong>Unidade solicitante:<\/strong> PREFEITURA MUNICIPAL DE INIMUTABA\/MG<\/p>\n<p><strong>Data de publica\u00e7\u00e3o:<\/strong> 07\/01\/2026<\/p>\n<p><strong>Data de abertura:<\/strong> 12\/01\/2026<\/p>\n<p><strong>Hor\u00e1rio de abertura:<\/strong> 15:00 HORAS<\/p>\n<p><strong>Local da Sess\u00e3o Publica:<\/strong> Sala da Comiss\u00e3o de Licita\u00e7\u00f5es e Contratos no Predio da Prefeitura Municipal, com sede na Pra\u00e7a Cel. Francisco Mascarenhas, n\u00ba 76, centro, Inimutaba\/MG.<\/p>\n<p><strong>Status:<\/strong> Finalizado<\/p>\n","protected":false},"excerpt":{"rendered":"<p class=\"unidade\">Unidade: Prefeitura Municipal de Inimutaba &#8211; MG<\/p>\n<p class=\"dt_habilitacao\">Data de abertura: 12\/01\/2026<\/p>\n<p class=\"dt_habilitacao\">Hor\u00e1rio de abertura: 15:00H<\/p>\n<p>Contrata\u00e7\u00e3o de empresa para presta\u00e7\u00e3o de servi\u00e7os de assessoria e consultoria em comunica\u00e7\u00e3o social e visual para produ\u00e7\u00f5es de textos, fotografias, produ\u00e7\u00e3o e edi\u00e7\u00e3o de v\u00eddeos e gerenciamento de redes sociais, bem como servi\u00e7os de hospedagem de manuten\u00e7\u00e3o de web site e e-mails oficiais da Prefeitura Municipal em atendimento \u00e0 Secretaria Municipal de Administra\u00e7\u00e3o.<\/p>\n<p><strong>Status: <\/strong>Finalizada<\/p>\n","protected":false},"featured_media":0,"comment_status":"closed","ping_status":"closed","template":"","meta":[],"product_brand":[],"product_cat":[46],"product_tag":[],"class_list":{"0":"post-1945","1":"product","2":"type-product","3":"status-publish","5":"product_cat-dispensa-presencial","6":"wcpa_has_options","8":"first","9":"instock","10":"shipping-taxable","11":"product-type-simple"},"_links":{"self":[{"href":"https:\/\/inimutaba.mg.gov.br\/licitacoes\/wp-json\/wp\/v2\/product\/1945","targetHints":{"allow":["GET"]}}],"collection":[{"href":"https:\/\/inimutaba.mg.gov.br\/licitacoes\/wp-json\/wp\/v2\/product"}],"about":[{"href":"https:\/\/inimutaba.mg.gov.br\/licitacoes\/wp-json\/wp\/v2\/types\/product"}],"replies":[{"embeddable":true,"href":"https:\/\/inimutaba.mg.gov.br\/licitacoes\/wp-json\/wp\/v2\/comments?post=1945"}],"version-history":[{"count":1,"href":"https:\/\/inimutaba.mg.gov.br\/licitacoes\/wp-json\/wp\/v2\/product\/1945\/revisions"}],"predecessor-version":[{"id":1948,"href":"https:\/\/inimutaba.mg.gov.br\/licitacoes\/wp-json\/wp\/v2\/product\/1945\/revisions\/1948"}],"wp:attachment":[{"href":"https:\/\/inimutaba.mg.gov.br\/licitacoes\/wp-json\/wp\/v2\/media?parent=1945"}],"wp:term":[{"taxonomy":"product_brand","embeddable":true,"href":"https:\/\/inimutaba.mg.gov.br\/licitacoes\/wp-json\/wp\/v2\/product_brand?post=1945"},{"taxonomy":"product_cat","embeddable":true,"href":"https:\/\/inimutaba.mg.gov.br\/licitacoes\/wp-json\/wp\/v2\/product_cat?post=1945"},{"taxonomy":"product_tag","embeddable":true,"href":"https:\/\/inimutaba.mg.gov.br\/licitacoes\/wp-json\/wp\/v2\/product_tag?post=1945"}],"curies":[{"name":"wp","href":"https:\/\/api.w.org\/{rel}","templated":true}]}}