{"id":1975,"date":"2026-03-26T12:47:26","date_gmt":"2026-03-26T15:47:26","guid":{"rendered":"https:\/\/inimutaba.mg.gov.br\/licitacoes\/?post_type=product&#038;p=1975"},"modified":"2026-03-26T12:50:23","modified_gmt":"2026-03-26T15:50:23","slug":"pe-001-2026","status":"publish","type":"product","link":"https:\/\/inimutaba.mg.gov.br\/licitacoes\/processo\/pe-001-2026\/","title":{"rendered":"PE &#8211; 001\/2026"},"content":{"rendered":"<p><strong>N\u00famero da licita\u00e7\u00e3o: 001\/2026<\/strong><\/p>\n<p><strong>N\u00famero do processo administrativo:<\/strong> 017<\/p>\n<p><strong>Modalidade da licita\u00e7\u00e3o:<\/strong> PREG\u00c3O ELETR\u00d4NICO<\/p>\n<p><strong>Fundamenta\u00e7\u00e3o legal:<\/strong>\u00a0Nova Lei de Licita\u00e7\u00f5es Lei 14.133\/2021<\/p>\n<p><strong>Objeto:<\/strong> Aquisi\u00e7\u00e3o de motocicleta zero km, em atendimento \u00e0 Emenda Parlametar n\u00ba 41000007, Proposta n\u00ba 14156100000124001\/2024, conforme condi\u00e7\u00f5es e especifica\u00e7\u00f5es constantes neste edital e seus anexos.<\/p>\n<p><strong>Unidade solicitante:<\/strong>\u00a0PREFEITURA MUNICIPAL DE INIMUTABA\/MG<\/p>\n<p><strong>Data de publica\u00e7\u00e3o:<\/strong> 26\/03\/2026<\/p>\n<p><strong>Data de abertura:<\/strong> 09\/04\/2026<\/p>\n<p><strong>Hor\u00e1rio de abertura:<\/strong> 08:30 HORAS<\/p>\n<p><strong>Local da Sess\u00e3o Publica:<\/strong> www.licitardigital.com.br<\/p>\n<p><strong>Status:<\/strong> Em andamento<\/p>\n","protected":false},"excerpt":{"rendered":"<p class=\"unidade\">Unidade: Prefeitura Municipal de Inimutaba &#8211; MG<\/p>\n<p class=\"dt_habilitacao\">Data de abertura: 09\/04\/2026<\/p>\n<p class=\"dt_habilitacao\">Hor\u00e1rio de abertura: 08:30H<\/p>\n<p>Aquisi\u00e7\u00e3o de motocicleta zero km, em atendimento \u00e0 Emenda Parlametar n\u00ba 41000007, Proposta n\u00ba 14156100000124001\/2024, conforme condi\u00e7\u00f5es e especifica\u00e7\u00f5es constantes neste edital e seus anexos.<\/p>\n<p><strong>Status: <\/strong>Em andamento<\/p>\n","protected":false},"featured_media":0,"comment_status":"closed","ping_status":"closed","template":"","meta":[],"product_brand":[],"product_cat":[33],"product_tag":[],"class_list":{"0":"post-1975","1":"product","2":"type-product","3":"status-publish","5":"product_cat-pregao-eletronico","6":"wcpa_has_options","8":"first","9":"instock","10":"shipping-taxable","11":"product-type-simple"},"_links":{"self":[{"href":"https:\/\/inimutaba.mg.gov.br\/licitacoes\/wp-json\/wp\/v2\/product\/1975","targetHints":{"allow":["GET"]}}],"collection":[{"href":"https:\/\/inimutaba.mg.gov.br\/licitacoes\/wp-json\/wp\/v2\/product"}],"about":[{"href":"https:\/\/inimutaba.mg.gov.br\/licitacoes\/wp-json\/wp\/v2\/types\/product"}],"replies":[{"embeddable":true,"href":"https:\/\/inimutaba.mg.gov.br\/licitacoes\/wp-json\/wp\/v2\/comments?post=1975"}],"version-history":[{"count":2,"href":"https:\/\/inimutaba.mg.gov.br\/licitacoes\/wp-json\/wp\/v2\/product\/1975\/revisions"}],"predecessor-version":[{"id":1978,"href":"https:\/\/inimutaba.mg.gov.br\/licitacoes\/wp-json\/wp\/v2\/product\/1975\/revisions\/1978"}],"wp:attachment":[{"href":"https:\/\/inimutaba.mg.gov.br\/licitacoes\/wp-json\/wp\/v2\/media?parent=1975"}],"wp:term":[{"taxonomy":"product_brand","embeddable":true,"href":"https:\/\/inimutaba.mg.gov.br\/licitacoes\/wp-json\/wp\/v2\/product_brand?post=1975"},{"taxonomy":"product_cat","embeddable":true,"href":"https:\/\/inimutaba.mg.gov.br\/licitacoes\/wp-json\/wp\/v2\/product_cat?post=1975"},{"taxonomy":"product_tag","embeddable":true,"href":"https:\/\/inimutaba.mg.gov.br\/licitacoes\/wp-json\/wp\/v2\/product_tag?post=1975"}],"curies":[{"name":"wp","href":"https:\/\/api.w.org\/{rel}","templated":true}]}}