{"id":1983,"date":"2026-03-27T07:57:12","date_gmt":"2026-03-27T10:57:12","guid":{"rendered":"https:\/\/inimutaba.mg.gov.br\/licitacoes\/?post_type=product&#038;p=1983"},"modified":"2026-03-27T08:24:36","modified_gmt":"2026-03-27T11:24:36","slug":"con-e-001-2026","status":"publish","type":"product","link":"https:\/\/inimutaba.mg.gov.br\/licitacoes\/processo\/con-e-001-2026\/","title":{"rendered":"CON-E &#8211; 001\/2026"},"content":{"rendered":"<p><strong>N\u00famero da licita\u00e7\u00e3o: 001\/2026<\/strong><\/p>\n<p><strong>N\u00famero do processo administrativo:<\/strong> 019<\/p>\n<p><strong>Modalidade da licita\u00e7\u00e3o:<\/strong> CONCORR\u00caNCIA ELETR\u00d4NICA<\/p>\n<p><strong>Fundamenta\u00e7\u00e3o legal:<\/strong>\u00a0Nova Lei de Licita\u00e7\u00f5es Lei 14.133\/2021<\/p>\n<p><strong>Objeto:<\/strong> A presente licita\u00e7\u00e3o tem por objeto a contrata\u00e7\u00e3o de empresa para execu\u00e7\u00e3o de obra de constru\u00e7\u00e3o de unidades habitacionais no Munic\u00edpio de Inimutaba\/MG, em atendimento ao Termo de Compromisso n\u00ba 992600\/2025\/MCIDADES\/CAIXA, conforme especificados no Anexo I \u2013 Termo de Refer\u00eancia (Projetos B\u00e1sicos) Especifica\u00e7\u00f5es do objeto, parte integrante do presente Edital.<\/p>\n<p><strong>Unidade solicitante:<\/strong>\u00a0PREFEITURA MUNICIPAL DE INIMUTABA\/MG<\/p>\n<p><strong>Data de publica\u00e7\u00e3o:<\/strong> 27\/03\/2026<\/p>\n<p><strong>Data de abertura:<\/strong> 13\/04\/2026<\/p>\n<p><strong>Hor\u00e1rio de abertura:<\/strong> 08:00 HORAS<\/p>\n<p><strong>SITE PARA REALIZA\u00c7\u00c3O DA CONCORR\u00caNCIA:<\/strong> www.licitardigital.com.br<\/p>\n<p><strong>Status: <\/strong><span style=\"color: #000000;\">Em andamento<\/span><\/p>\n","protected":false},"excerpt":{"rendered":"<p class=\"unidade\">Unidade: Prefeitura Municipal de Inimutaba &#8211; MG<\/p>\n<p class=\"dt_habilitacao\">Data de abertura: 13\/04\/2026<\/p>\n<p class=\"dt_habilitacao\">Hor\u00e1rio de abertura: 08:00H<\/p>\n<p>A presente licita\u00e7\u00e3o tem por objeto a contrata\u00e7\u00e3o de empresa para execu\u00e7\u00e3o de obra de constru\u00e7\u00e3o de unidades habitacionais no Munic\u00edpio de Inimutaba\/MG, em atendimento ao Termo de Compromisso n\u00ba 992600\/2025\/MCIDADES\/CAIXA, conforme especificados no Anexo I \u2013 Termo de Refer\u00eancia (Projetos B\u00e1sicos) Especifica\u00e7\u00f5es do objeto, parte integrante do presente Edital.<\/p>\n<p><strong>Status: <\/strong><span style=\"color: #000000;\">Em andamento<\/span><\/p>\n","protected":false},"featured_media":0,"comment_status":"closed","ping_status":"closed","template":"","meta":[],"product_brand":[],"product_cat":[51],"product_tag":[],"class_list":{"0":"post-1983","1":"product","2":"type-product","3":"status-publish","5":"product_cat-concorrencia-eletronica","6":"wcpa_has_options","8":"first","9":"instock","10":"shipping-taxable","11":"product-type-simple"},"_links":{"self":[{"href":"https:\/\/inimutaba.mg.gov.br\/licitacoes\/wp-json\/wp\/v2\/product\/1983","targetHints":{"allow":["GET"]}}],"collection":[{"href":"https:\/\/inimutaba.mg.gov.br\/licitacoes\/wp-json\/wp\/v2\/product"}],"about":[{"href":"https:\/\/inimutaba.mg.gov.br\/licitacoes\/wp-json\/wp\/v2\/types\/product"}],"replies":[{"embeddable":true,"href":"https:\/\/inimutaba.mg.gov.br\/licitacoes\/wp-json\/wp\/v2\/comments?post=1983"}],"version-history":[{"count":1,"href":"https:\/\/inimutaba.mg.gov.br\/licitacoes\/wp-json\/wp\/v2\/product\/1983\/revisions"}],"predecessor-version":[{"id":2010,"href":"https:\/\/inimutaba.mg.gov.br\/licitacoes\/wp-json\/wp\/v2\/product\/1983\/revisions\/2010"}],"wp:attachment":[{"href":"https:\/\/inimutaba.mg.gov.br\/licitacoes\/wp-json\/wp\/v2\/media?parent=1983"}],"wp:term":[{"taxonomy":"product_brand","embeddable":true,"href":"https:\/\/inimutaba.mg.gov.br\/licitacoes\/wp-json\/wp\/v2\/product_brand?post=1983"},{"taxonomy":"product_cat","embeddable":true,"href":"https:\/\/inimutaba.mg.gov.br\/licitacoes\/wp-json\/wp\/v2\/product_cat?post=1983"},{"taxonomy":"product_tag","embeddable":true,"href":"https:\/\/inimutaba.mg.gov.br\/licitacoes\/wp-json\/wp\/v2\/product_tag?post=1983"}],"curies":[{"name":"wp","href":"https:\/\/api.w.org\/{rel}","templated":true}]}}