{"id":2017,"date":"2026-04-23T21:17:43","date_gmt":"2026-04-24T00:17:43","guid":{"rendered":"https:\/\/inimutaba.mg.gov.br\/licitacoes\/?post_type=product&#038;p=2017"},"modified":"2026-04-23T21:19:56","modified_gmt":"2026-04-24T00:19:56","slug":"pp-006-2026","status":"publish","type":"product","link":"https:\/\/inimutaba.mg.gov.br\/licitacoes\/processo\/pp-006-2026\/","title":{"rendered":"PP &#8211; 006\/2026"},"content":{"rendered":"<p><strong>N\u00famero da licita\u00e7\u00e3o: 006\/2026<\/strong><\/p>\n<p><strong>N\u00famero do processo administrativo:<\/strong> 025<\/p>\n<p><strong>Modalidade da licita\u00e7\u00e3o:<\/strong> PREG\u00c3O PRESENCIAL<\/p>\n<p><strong>Fundamenta\u00e7\u00e3o legal:<\/strong>\u00a0Nova Lei de Licita\u00e7\u00f5es Lei 14.133\/2021<\/p>\n<p><strong>Objeto:<\/strong> Aquisi\u00e7\u00e3o de tanque limpa fossa, pr\u00f3prio para acoplamento em caminh\u00e3o, destinado a suc\u00e7\u00e3o, transporte e descarte de res\u00edduos l\u00edquidos e pastosos, provenientes de fossas s\u00e9pticas, caixas de gordura e rede de esgoto, em atendimento a solicita\u00e7\u00e3o da Secretaria Municipal de Infraestrutura e Meio Ambiente, conforme especificados no Anexo I \u2013 Termo de Refer\u00eancia\/Especifica\u00e7\u00f5es do objeto, parte integrante do presente Edital.<\/p>\n<p><strong>Unidade solicitante:<\/strong>\u00a0PREFEITURA MUNICIPAL DE INIMUTABA\/MG<\/p>\n<p><strong>Data de publica\u00e7\u00e3o:<\/strong> 23\/04\/2026<\/p>\n<p><strong>Data de abertura:<\/strong> 07\/05\/2026<\/p>\n<p><strong>Hor\u00e1rio de abertura:<\/strong> 09:00 HORAS<\/p>\n<p><strong>Local da Sess\u00e3o Publica:<\/strong>\u00a0Sala da Comiss\u00e3o de Licita\u00e7\u00f5es e Contratos no Predio da Prefeitura Municipal, com sede na Pra\u00e7a Cel. Francisco Mascarenhas, n\u00ba 76, centro, Inimutaba\/MG.<\/p>\n<p><strong>Status: <\/strong>Em andamento<\/p>\n","protected":false},"excerpt":{"rendered":"<p class=\"unidade\">Unidade: Prefeitura Municipal de Inimutaba &#8211; MG<\/p>\n<p class=\"dt_habilitacao\">Data de abertura: 07\/05\/2026<\/p>\n<p class=\"dt_habilitacao\">Hor\u00e1rio de abertura: 09:00H<\/p>\n<p>Aquisi\u00e7\u00e3o de tanque limpa fossa, pr\u00f3prio para acoplamento em caminh\u00e3o, destinado a suc\u00e7\u00e3o, transporte e descarte de res\u00edduos l\u00edquidos e pastosos, provenientes de fossas s\u00e9pticas, caixas de gordura e rede de esgoto, em atendimento a solicita\u00e7\u00e3o da Secretaria Municipal de Infraestrutura e Meio Ambiente, conforme especificados no Anexo I \u2013 Termo de Refer\u00eancia\/Especifica\u00e7\u00f5es do objeto, parte integrante do presente Edital.<\/p>\n<p><strong>Status:<\/strong> Em andamento<\/p>\n","protected":false},"featured_media":0,"comment_status":"closed","ping_status":"closed","template":"","meta":[],"product_brand":[],"product_cat":[48],"product_tag":[],"class_list":{"0":"post-2017","1":"product","2":"type-product","3":"status-publish","5":"product_cat-pregao-presencial","6":"wcpa_has_options","8":"first","9":"instock","10":"shipping-taxable","11":"product-type-simple"},"_links":{"self":[{"href":"https:\/\/inimutaba.mg.gov.br\/licitacoes\/wp-json\/wp\/v2\/product\/2017","targetHints":{"allow":["GET"]}}],"collection":[{"href":"https:\/\/inimutaba.mg.gov.br\/licitacoes\/wp-json\/wp\/v2\/product"}],"about":[{"href":"https:\/\/inimutaba.mg.gov.br\/licitacoes\/wp-json\/wp\/v2\/types\/product"}],"replies":[{"embeddable":true,"href":"https:\/\/inimutaba.mg.gov.br\/licitacoes\/wp-json\/wp\/v2\/comments?post=2017"}],"version-history":[{"count":1,"href":"https:\/\/inimutaba.mg.gov.br\/licitacoes\/wp-json\/wp\/v2\/product\/2017\/revisions"}],"predecessor-version":[{"id":2019,"href":"https:\/\/inimutaba.mg.gov.br\/licitacoes\/wp-json\/wp\/v2\/product\/2017\/revisions\/2019"}],"wp:attachment":[{"href":"https:\/\/inimutaba.mg.gov.br\/licitacoes\/wp-json\/wp\/v2\/media?parent=2017"}],"wp:term":[{"taxonomy":"product_brand","embeddable":true,"href":"https:\/\/inimutaba.mg.gov.br\/licitacoes\/wp-json\/wp\/v2\/product_brand?post=2017"},{"taxonomy":"product_cat","embeddable":true,"href":"https:\/\/inimutaba.mg.gov.br\/licitacoes\/wp-json\/wp\/v2\/product_cat?post=2017"},{"taxonomy":"product_tag","embeddable":true,"href":"https:\/\/inimutaba.mg.gov.br\/licitacoes\/wp-json\/wp\/v2\/product_tag?post=2017"}],"curies":[{"name":"wp","href":"https:\/\/api.w.org\/{rel}","templated":true}]}}