{"id":734,"date":"2024-02-17T09:19:10","date_gmt":"2024-02-17T12:19:10","guid":{"rendered":"https:\/\/inimutaba.mg.gov.br\/licitacoes\/?post_type=product&#038;p=734"},"modified":"2024-04-08T08:05:56","modified_gmt":"2024-04-08T11:05:56","slug":"con-004-2024","status":"publish","type":"product","link":"https:\/\/inimutaba.mg.gov.br\/licitacoes\/processo\/con-004-2024\/","title":{"rendered":"CON &#8211; 004\/2024"},"content":{"rendered":"<p><strong>N\u00famero da licita\u00e7\u00e3o: 004\/2024<\/strong><\/p>\n<p><strong>N\u00famero do processo administrativo:<\/strong> 004<\/p>\n<p><strong>Modalidade da licita\u00e7\u00e3o:<\/strong> CONCORR\u00caNCIA PRESENCIAL<\/p>\n<p><strong>Fundamenta\u00e7\u00e3o legal:<\/strong> Nova Lei de Licita\u00e7\u00f5es Lei 14.133\/2021<\/p>\n<p><strong>Objeto:<\/strong> A presente licita\u00e7\u00e3o tem por objeto a contrata\u00e7\u00e3o de empresa para execu\u00e7\u00e3o de obra de pavimenta\u00e7\u00e3o em TSD e drenagem de vias p\u00fablicas no Distrito de Gentil de Matos (rua Santo Agostinho &#8211; Trecho II; rua S\u00e3o Sebasti\u00e3o &#8211; Trechos I e II, Travessas \u201cA\u201d e \u201cB\u201d; rua Maria Francisca; e na Comunidade de Landim (estrada Municipal), conforme especificados no Anexo I \u2013 Termo de Refer\u00eancia\/ Especifica\u00e7\u00f5es do objeto, parte integrante do presente Edital.<\/p>\n<p><strong>Unidade solicitante:<\/strong> PREFEITURA MUNICIPAL DE INIMUTABA\/MG<\/p>\n<p><strong>Data de publica\u00e7\u00e3o:<\/strong> 15\/03\/2024<\/p>\n<p><strong>Data de abertura:<\/strong> 03\/04\/2024<\/p>\n<p><strong>Hor\u00e1rio de abertura:<\/strong> 13:00 HORAS<\/p>\n<p><strong>Local da Sess\u00e3o Publica:<\/strong> Sala da Comiss\u00e3o de Licita\u00e7\u00f5es e Contratos no Predio da Prefeitura Municipal, com sede na Pra\u00e7a Cel. Francisco Mascarenhas, n\u00ba 76, centro, Inimutaba\/MG.<\/p>\n<p><strong>Status:<\/strong> Em andamento<\/p>\n","protected":false},"excerpt":{"rendered":"<p class=\"unidade\">Unidade: Prefeitura Municipal de Inimutaba &#8211; MG<\/p>\n<p class=\"dt_habilitacao\">Data de abertura: 03\/04\/2024<\/p>\n<p class=\"dt_habilitacao\">Hor\u00e1rio de abertura: 13:00H<\/p>\n<p>A presente licita\u00e7\u00e3o tem por objeto a contrata\u00e7\u00e3o de empresa para execu\u00e7\u00e3o de obra de pavimenta\u00e7\u00e3o em TSD e drenagem de vias p\u00fablicas no Distrito de Gentil de Matos (rua Santo Agostinho &#8211; Trecho II; rua S\u00e3o Sebasti\u00e3o &#8211; Trechos I e II, Travessas \u201cA\u201d e \u201cB\u201d&#8230;.<\/p>\n<p><strong>Status: <\/strong>Em andamento<\/p>\n","protected":false},"featured_media":0,"comment_status":"closed","ping_status":"closed","template":"","meta":[],"product_brand":[],"product_cat":[45],"product_tag":[],"class_list":{"0":"post-734","1":"product","2":"type-product","3":"status-publish","5":"product_cat-concorrencia","6":"wcpa_has_options","8":"first","9":"instock","10":"shipping-taxable","11":"product-type-simple"},"_links":{"self":[{"href":"https:\/\/inimutaba.mg.gov.br\/licitacoes\/wp-json\/wp\/v2\/product\/734","targetHints":{"allow":["GET"]}}],"collection":[{"href":"https:\/\/inimutaba.mg.gov.br\/licitacoes\/wp-json\/wp\/v2\/product"}],"about":[{"href":"https:\/\/inimutaba.mg.gov.br\/licitacoes\/wp-json\/wp\/v2\/types\/product"}],"replies":[{"embeddable":true,"href":"https:\/\/inimutaba.mg.gov.br\/licitacoes\/wp-json\/wp\/v2\/comments?post=734"}],"version-history":[{"count":3,"href":"https:\/\/inimutaba.mg.gov.br\/licitacoes\/wp-json\/wp\/v2\/product\/734\/revisions"}],"predecessor-version":[{"id":891,"href":"https:\/\/inimutaba.mg.gov.br\/licitacoes\/wp-json\/wp\/v2\/product\/734\/revisions\/891"}],"wp:attachment":[{"href":"https:\/\/inimutaba.mg.gov.br\/licitacoes\/wp-json\/wp\/v2\/media?parent=734"}],"wp:term":[{"taxonomy":"product_brand","embeddable":true,"href":"https:\/\/inimutaba.mg.gov.br\/licitacoes\/wp-json\/wp\/v2\/product_brand?post=734"},{"taxonomy":"product_cat","embeddable":true,"href":"https:\/\/inimutaba.mg.gov.br\/licitacoes\/wp-json\/wp\/v2\/product_cat?post=734"},{"taxonomy":"product_tag","embeddable":true,"href":"https:\/\/inimutaba.mg.gov.br\/licitacoes\/wp-json\/wp\/v2\/product_tag?post=734"}],"curies":[{"name":"wp","href":"https:\/\/api.w.org\/{rel}","templated":true}]}}